{"id":47980,"date":"2026-02-10T08:07:15","date_gmt":"2026-02-10T13:07:15","guid":{"rendered":"https:\/\/prueba.csgabriel.edu.ec\/?page_id=47980"},"modified":"2026-02-19T11:02:54","modified_gmt":"2026-02-19T16:02:54","slug":"modelo-de-persona","status":"publish","type":"page","link":"https:\/\/prueba.csgabriel.edu.ec\/en\/modelo-de-persona\/","title":{"rendered":"Person Model"},"content":{"rendered":"<div data-elementor-type=\"wp-page\" data-elementor-id=\"47980\" class=\"elementor elementor-47980\" data-elementor-settings=\"{&quot;ha_cmc_init_switcher&quot;:&quot;no&quot;}\" data-elementor-post-type=\"page\">\n\t\t\t\t<div class=\"elementor-element elementor-element-8fe1f31 e-flex e-con-boxed e-con e-parent\" data-id=\"8fe1f31\" data-element_type=\"container\" data-e-type=\"container\" data-settings=\"{&quot;background_background&quot;:&quot;classic&quot;,&quot;_ha_eqh_enable&quot;:false}\">\n\t\t\t\t\t<div class=\"e-con-inner\">\n\t\t\t\t<div class=\"elementor-element elementor-element-c56d605 elementor-widget elementor-widget-spacer\" data-id=\"c56d605\" data-element_type=\"widget\" data-e-type=\"widget\" data-widget_type=\"spacer.default\">\n\t\t\t\t<div class=\"elementor-widget-container\">\n\t\t\t\t\t\t\t<div class=\"elementor-spacer\">\n\t\t\t<div class=\"elementor-spacer-inner\"><\/div>\n\t\t<\/div>\n\t\t\t\t\t\t<\/div>\n\t\t\t\t<\/div>\n\t\t\t\t\t<\/div>\n\t\t\t\t<\/div>\n\t\t<div class=\"elementor-element elementor-element-405a765 e-con-full e-flex e-con e-parent\" data-id=\"405a765\" data-element_type=\"container\" data-e-type=\"container\" data-settings=\"{&quot;_ha_eqh_enable&quot;:false}\">\n\t\t\t\t<div class=\"elementor-element elementor-element-f6aefe3 elementor-nav-menu--dropdown-none elementor-widget__width-initial elementor-widget-mobile__width-initial elementor-nav-menu__align-center elementor-widget-laptop__width-inherit elementor-widget elementor-widget-nav-menu\" data-id=\"f6aefe3\" data-element_type=\"widget\" data-e-type=\"widget\" data-settings=\"{&quot;submenu_icon&quot;:{&quot;value&quot;:&quot;&lt;i class=\\&quot;\\&quot; aria-hidden=\\&quot;true\\&quot;&gt;&lt;\\\/i&gt;&quot;,&quot;library&quot;:&quot;&quot;},&quot;layout&quot;:&quot;horizontal&quot;}\" data-widget_type=\"nav-menu.default\">\n\t\t\t\t<div class=\"elementor-widget-container\">\n\t\t\t\t\t\t\t\t<nav aria-label=\"Men\u00fa\" class=\"elementor-nav-menu--main elementor-nav-menu__container elementor-nav-menu--layout-horizontal e--pointer-framed e--animation-fade\">\n\t\t\t\t<ul id=\"menu-1-f6aefe3\" class=\"elementor-nav-menu\"><li class=\"menu-item menu-item-type-post_type menu-item-object-page menu-item-40909\"><a href=\"https:\/\/prueba.csgabriel.edu.ec\/en\/proyecto-de-innovaccion-xxi\/\" class=\"elementor-item\">InnovAcci\u00f3n XXI Project<\/a><\/li>\n<li class=\"menu-item menu-item-type-post_type menu-item-object-page menu-item-40884\"><a href=\"https:\/\/prueba.csgabriel.edu.ec\/en\/eai\/\" class=\"elementor-item\">Comprehensive Student Support Teams<\/a><\/li>\n<li class=\"menu-item menu-item-type-post_type menu-item-object-page menu-item-41106\"><a href=\"https:\/\/prueba.csgabriel.edu.ec\/en\/centros-de-aprendizaje\/\" class=\"elementor-item\">Learning Centers<\/a><\/li>\n<li class=\"menu-item menu-item-type-post_type menu-item-object-page menu-item-41219\"><a href=\"https:\/\/prueba.csgabriel.edu.ec\/en\/iniciativa-transversales\/\" class=\"elementor-item\">Cross-Curricular Initiatives<\/a><\/li>\n<li class=\"menu-item menu-item-type-post_type menu-item-object-page menu-item-48006\"><a href=\"https:\/\/prueba.csgabriel.edu.ec\/en\/modelo-de-persona\/\" class=\"elementor-item\">Person Model<\/a><\/li>\n<\/ul>\t\t\t<\/nav>\n\t\t\t\t\t\t<nav class=\"elementor-nav-menu--dropdown elementor-nav-menu__container\" aria-hidden=\"true\">\n\t\t\t\t<ul id=\"menu-2-f6aefe3\" class=\"elementor-nav-menu\"><li class=\"menu-item menu-item-type-post_type menu-item-object-page menu-item-40909\"><a href=\"https:\/\/prueba.csgabriel.edu.ec\/en\/proyecto-de-innovaccion-xxi\/\" class=\"elementor-item\" tabindex=\"-1\">InnovAcci\u00f3n XXI Project<\/a><\/li>\n<li class=\"menu-item menu-item-type-post_type menu-item-object-page menu-item-40884\"><a href=\"https:\/\/prueba.csgabriel.edu.ec\/en\/eai\/\" class=\"elementor-item\" tabindex=\"-1\">Comprehensive Student Support Teams<\/a><\/li>\n<li class=\"menu-item menu-item-type-post_type menu-item-object-page menu-item-41106\"><a href=\"https:\/\/prueba.csgabriel.edu.ec\/en\/centros-de-aprendizaje\/\" class=\"elementor-item\" tabindex=\"-1\">Learning Centers<\/a><\/li>\n<li class=\"menu-item menu-item-type-post_type menu-item-object-page menu-item-41219\"><a href=\"https:\/\/prueba.csgabriel.edu.ec\/en\/iniciativa-transversales\/\" class=\"elementor-item\" tabindex=\"-1\">Cross-Curricular Initiatives<\/a><\/li>\n<li class=\"menu-item menu-item-type-post_type menu-item-object-page menu-item-48006\"><a href=\"https:\/\/prueba.csgabriel.edu.ec\/en\/modelo-de-persona\/\" class=\"elementor-item\" tabindex=\"-1\">Person Model<\/a><\/li>\n<\/ul>\t\t\t<\/nav>\n\t\t\t\t\t\t<\/div>\n\t\t\t\t<\/div>\n\t\t\t\t<div class=\"elementor-element elementor-element-8448506 elementor-widget-divider--view-line elementor-widget elementor-widget-divider\" data-id=\"8448506\" data-element_type=\"widget\" data-e-type=\"widget\" data-widget_type=\"divider.default\">\n\t\t\t\t<div class=\"elementor-widget-container\">\n\t\t\t\t\t\t\t<div class=\"elementor-divider\">\n\t\t\t<span class=\"elementor-divider-separator\">\n\t\t\t\t\t\t<\/span>\n\t\t<\/div>\n\t\t\t\t\t\t<\/div>\n\t\t\t\t<\/div>\n\t\t\t\t<\/div>\n\t\t<div class=\"elementor-element elementor-element-e2d979a e-con-full e-flex e-con e-parent\" data-id=\"e2d979a\" data-element_type=\"container\" data-e-type=\"container\" data-settings=\"{&quot;_ha_eqh_enable&quot;:false}\">\n\t\t<div class=\"elementor-element elementor-element-33eeae4 e-con-full e-flex e-con e-child\" data-id=\"33eeae4\" data-element_type=\"container\" data-e-type=\"container\" data-settings=\"{&quot;_ha_eqh_enable&quot;:false}\">\n\t\t\t\t<div class=\"elementor-element elementor-element-e63745b elementor-widget__width-inherit elementor-widget elementor-widget-hfe-breadcrumbs-widget\" data-id=\"e63745b\" data-element_type=\"widget\" data-e-type=\"widget\" data-widget_type=\"hfe-breadcrumbs-widget.default\">\n\t\t\t\t<div class=\"elementor-widget-container\">\n\t\t\t\t\t<nav aria-label=\"Breadcrumb\"><ul class=\"hfe-breadcrumbs hfe-breadcrumbs-show-home\"><li class=\"hfe-breadcrumbs-item hfe-breadcrumbs-first\"><span class=\"hfe-breadcrumbs-home-icon\"><\/span><a href=\"https:\/\/prueba.csgabriel.edu.ec\/en\"><span class=\"hfe-breadcrumbs-text\">Home<\/span><\/a><\/li><\/ul><\/nav>\t\t\t\t<\/div>\n\t\t\t\t<\/div>\n\t\t\t\t<\/div>\n\t\t\t\t<\/div>\n\t\t<div class=\"elementor-element elementor-element-40b100e e-con-full e-flex e-con e-parent\" data-id=\"40b100e\" data-element_type=\"container\" data-e-type=\"container\" data-settings=\"{&quot;_ha_eqh_enable&quot;:false}\">\n\t\t\t\t<div class=\"elementor-element elementor-element-1ab9f4e elementor-widget elementor-widget-heading\" data-id=\"1ab9f4e\" data-element_type=\"widget\" data-e-type=\"widget\" data-widget_type=\"heading.default\">\n\t\t\t\t<div class=\"elementor-widget-container\">\n\t\t\t\t\t<h2 class=\"elementor-heading-title elementor-size-default\">Person Model <\/h2>\t\t\t\t<\/div>\n\t\t\t\t<\/div>\n\t\t\t\t<\/div>\n\t\t<div class=\"elementor-element elementor-element-6af348c e-con-full e-flex e-con e-parent\" data-id=\"6af348c\" data-element_type=\"container\" data-e-type=\"container\" data-settings=\"{&quot;_ha_eqh_enable&quot;:false}\">\n\t\t\t\t<div class=\"elementor-element elementor-element-55b4714 elementor-widget__width-initial elementor-widget elementor-widget-text-editor\" data-id=\"55b4714\" data-element_type=\"widget\" data-e-type=\"widget\" data-widget_type=\"text-editor.default\">\n\t\t\t\t<div class=\"elementor-widget-container\">\n\t\t\t\t\t\t\t\t\t<p><span style=\"font-weight: 400;\">As an educational institution that is part of the Network of Ignatian Educational Units of Ecuador (RUEI-E), both lay collaborators and Jesuits have undertaken a process of transformation in our school. We do so in historical continuity with the formative legacy received from Ignatius of Loyola and developed worldwide over nearly five centuries by the Society of Jesus, while also embracing the innovation we are called to advance through our daily work, in coherence with our charism.<\/span><\/p><p><span style=\"font-weight: 400;\">We remain mindful that: <\/span><i><span style=\"font-weight: 400;\">\u201cAll the good in the world depends on the good education of the young.\u201d<\/span><\/i><span style=\"font-weight: 400;\">, for this reason, we focus our efforts on the transformation of the person, who is both the center and the subject of our mission\u2014because it is the person who ultimately transforms reality.\u00a0<\/span><\/p><p><span style=\"font-weight: 400;\">Thus, we feel called to collaborate in the integral formation of each person so that they may be:<\/span><\/p>\t\t\t\t\t\t\t\t<\/div>\n\t\t\t\t<\/div>\n\t\t\t\t<\/div>\n\t\t<div class=\"elementor-element elementor-element-d976091 e-con-full e-flex e-con e-parent\" data-id=\"d976091\" data-element_type=\"container\" data-e-type=\"container\" data-settings=\"{&quot;_ha_eqh_enable&quot;:false}\">\n\t\t\t\t<div class=\"elementor-element elementor-element-fd3410a elementor-widget elementor-widget-heading\" data-id=\"fd3410a\" data-element_type=\"widget\" data-e-type=\"widget\" data-widget_type=\"heading.default\">\n\t\t\t\t<div class=\"elementor-widget-container\">\n\t\t\t\t\t<h2 class=\"elementor-heading-title elementor-size-default\">Conscious\n<\/h2>\t\t\t\t<\/div>\n\t\t\t\t<\/div>\n\t\t\t\t<\/div>\n\t\t<div class=\"elementor-element elementor-element-1b72711 e-con-full e-flex e-con e-parent\" data-id=\"1b72711\" data-element_type=\"container\" data-e-type=\"container\" data-settings=\"{&quot;_ha_eqh_enable&quot;:false}\">\n\t\t\t\t<div class=\"elementor-element elementor-element-d4676eb elementor-widget__width-initial elementor-widget elementor-widget-text-editor\" data-id=\"d4676eb\" data-element_type=\"widget\" data-e-type=\"widget\" data-widget_type=\"text-editor.default\">\n\t\t\t\t<div class=\"elementor-widget-container\">\n\t\t\t\t\t\t\t\t\t<p><b>Realistic and Spiritual Person: <\/b><span style=\"font-weight: 400;\">A person who knows themselves and maintains a consistent awareness and experience of society and its imbalances. They feel called to see the world and reality through God\u2019s eyes, discovering the goodness and beauty of creation and of every person, but also recognizing places of pain, poverty, and injustice. From this contemplation arises gratitude, and from gratitude the desire to commit to being an agent of change and transcendence.<\/span><\/p>\t\t\t\t\t\t\t\t<\/div>\n\t\t\t\t<\/div>\n\t\t\t\t<\/div>\n\t\t<div class=\"elementor-element elementor-element-074a3a8 e-con-full e-flex e-con e-parent\" data-id=\"074a3a8\" data-element_type=\"container\" data-e-type=\"container\" data-settings=\"{&quot;_ha_eqh_enable&quot;:false}\">\n\t\t\t\t<div class=\"elementor-element elementor-element-1b0b2fa elementor-widget elementor-widget-image\" data-id=\"1b0b2fa\" data-element_type=\"widget\" data-e-type=\"widget\" data-widget_type=\"image.default\">\n\t\t\t\t<div class=\"elementor-widget-container\">\n\t\t\t\t\t\t\t\t\t\t\t\t\t\t\t<img fetchpriority=\"high\" decoding=\"async\" width=\"2560\" height=\"1164\" src=\"https:\/\/prueba.csgabriel.edu.ec\/wp-content\/uploads\/2026\/02\/neuv-scaled.jpg\" class=\"attachment-full size-full wp-image-47862\" alt=\"\" srcset=\"https:\/\/prueba.csgabriel.edu.ec\/wp-content\/uploads\/2026\/02\/neuv-scaled.jpg 2560w, https:\/\/prueba.csgabriel.edu.ec\/wp-content\/uploads\/2026\/02\/neuv-300x136.jpg 300w, https:\/\/prueba.csgabriel.edu.ec\/wp-content\/uploads\/2026\/02\/neuv-1024x465.jpg 1024w, https:\/\/prueba.csgabriel.edu.ec\/wp-content\/uploads\/2026\/02\/neuv-768x349.jpg 768w, https:\/\/prueba.csgabriel.edu.ec\/wp-content\/uploads\/2026\/02\/neuv-1536x698.jpg 1536w, https:\/\/prueba.csgabriel.edu.ec\/wp-content\/uploads\/2026\/02\/neuv-2048x931.jpg 2048w\" sizes=\"(max-width: 2560px) 100vw, 2560px\" \/>\t\t\t\t\t\t\t\t\t\t\t\t\t\t\t<\/div>\n\t\t\t\t<\/div>\n\t\t\t\t<\/div>\n\t\t<div class=\"elementor-element elementor-element-c66f9b9 e-con-full e-flex e-con e-parent\" data-id=\"c66f9b9\" data-element_type=\"container\" data-e-type=\"container\" data-settings=\"{&quot;_ha_eqh_enable&quot;:false}\">\n\t\t\t\t<div class=\"elementor-element elementor-element-a07adee elementor-widget elementor-widget-heading\" data-id=\"a07adee\" data-element_type=\"widget\" data-e-type=\"widget\" data-widget_type=\"heading.default\">\n\t\t\t\t<div class=\"elementor-widget-container\">\n\t\t\t\t\t<h2 class=\"elementor-heading-title elementor-size-default\">Compassionate\n\n<\/h2>\t\t\t\t<\/div>\n\t\t\t\t<\/div>\n\t\t\t\t<\/div>\n\t\t<div class=\"elementor-element elementor-element-4cf9858 e-con-full e-flex e-con e-parent\" data-id=\"4cf9858\" data-element_type=\"container\" data-e-type=\"container\" data-settings=\"{&quot;_ha_eqh_enable&quot;:false}\">\n\t\t\t\t<div class=\"elementor-element elementor-element-7f712f3 elementor-widget__width-initial elementor-widget elementor-widget-text-editor\" data-id=\"7f712f3\" data-element_type=\"widget\" data-e-type=\"widget\" data-widget_type=\"text-editor.default\">\n\t\t\t\t<div class=\"elementor-widget-container\">\n\t\t\t\t\t\t\t\t\t<p><b>A realistic and spiritual person: <\/b><span style=\"font-weight: 400;\">They recognize suffering and injustice and allow themselves to be moved by it. Their compassion is not superficial sentiment, but a deep sensitivity that leads to commitment and service.<\/span><\/p>\t\t\t\t\t\t\t\t<\/div>\n\t\t\t\t<\/div>\n\t\t\t\t<\/div>\n\t\t<div class=\"elementor-element elementor-element-d4c8320 e-con-full e-flex e-con e-parent\" data-id=\"d4c8320\" data-element_type=\"container\" data-e-type=\"container\" data-settings=\"{&quot;_ha_eqh_enable&quot;:false}\">\n\t\t\t\t<div class=\"elementor-element elementor-element-97313fc elementor-widget elementor-widget-image\" data-id=\"97313fc\" data-element_type=\"widget\" data-e-type=\"widget\" data-widget_type=\"image.default\">\n\t\t\t\t<div class=\"elementor-widget-container\">\n\t\t\t\t\t\t\t\t\t\t\t\t\t\t\t<img decoding=\"async\" width=\"2560\" height=\"1164\" src=\"https:\/\/prueba.csgabriel.edu.ec\/wp-content\/uploads\/2026\/02\/CONCIENTE-scaled.jpg\" class=\"attachment-full size-full wp-image-47989\" alt=\"\" srcset=\"https:\/\/prueba.csgabriel.edu.ec\/wp-content\/uploads\/2026\/02\/CONCIENTE-scaled.jpg 2560w, https:\/\/prueba.csgabriel.edu.ec\/wp-content\/uploads\/2026\/02\/CONCIENTE-300x136.jpg 300w, https:\/\/prueba.csgabriel.edu.ec\/wp-content\/uploads\/2026\/02\/CONCIENTE-1024x465.jpg 1024w, https:\/\/prueba.csgabriel.edu.ec\/wp-content\/uploads\/2026\/02\/CONCIENTE-768x349.jpg 768w, https:\/\/prueba.csgabriel.edu.ec\/wp-content\/uploads\/2026\/02\/CONCIENTE-1536x698.jpg 1536w, https:\/\/prueba.csgabriel.edu.ec\/wp-content\/uploads\/2026\/02\/CONCIENTE-2048x931.jpg 2048w\" sizes=\"(max-width: 2560px) 100vw, 2560px\" \/>\t\t\t\t\t\t\t\t\t\t\t\t\t\t\t<\/div>\n\t\t\t\t<\/div>\n\t\t\t\t<\/div>\n\t\t<div class=\"elementor-element elementor-element-9ee6ca7 e-con-full e-flex e-con e-parent\" data-id=\"9ee6ca7\" data-element_type=\"container\" data-e-type=\"container\" data-settings=\"{&quot;_ha_eqh_enable&quot;:false}\">\n\t\t\t\t<div class=\"elementor-element elementor-element-c6afa92 elementor-widget elementor-widget-heading\" data-id=\"c6afa92\" data-element_type=\"widget\" data-e-type=\"widget\" data-widget_type=\"heading.default\">\n\t\t\t\t<div class=\"elementor-widget-container\">\n\t\t\t\t\t<h2 class=\"elementor-heading-title elementor-size-default\">Compasiva<\/h2>\t\t\t\t<\/div>\n\t\t\t\t<\/div>\n\t\t\t\t<\/div>\n\t\t<div class=\"elementor-element elementor-element-36891c5 e-con-full e-flex e-con e-parent\" data-id=\"36891c5\" data-element_type=\"container\" data-e-type=\"container\" data-settings=\"{&quot;_ha_eqh_enable&quot;:false}\">\n\t\t\t\t<div class=\"elementor-element elementor-element-dd5af43 elementor-widget__width-initial elementor-widget elementor-widget-text-editor\" data-id=\"dd5af43\" data-element_type=\"widget\" data-e-type=\"widget\" data-widget_type=\"text-editor.default\">\n\t\t\t\t<div class=\"elementor-widget-container\">\n\t\t\t\t\t\t\t\t\t<p><b>Realistic and Spiritual Person: <\/b><span style=\"font-weight: 400;\">A person who knows themselves and maintains a consistent awareness and experience of society and its imbalances. They feel called to see the world and reality through God\u2019s eyes, discovering the goodness and beauty of creation and of every person, but also recognizing places of pain, poverty, and injustice. From this contemplation arises gratitude, and from gratitude the desire to commit to being an agent of change and transcendence.<\/span><\/p><p><b>Creative: <\/b><span style=\"font-weight: 400;\">A person who is capable of wonder, asks questions, and remains flexible in a changing and diverse world. They prepare themselves with the understanding that learning is lifelong. They actively participate in the world by shaping a life project for and with others.<\/span><\/p>\t\t\t\t\t\t\t\t<\/div>\n\t\t\t\t<\/div>\n\t\t\t\t<\/div>\n\t\t<div class=\"elementor-element elementor-element-cd95a94 e-con-full e-flex e-con e-parent\" data-id=\"cd95a94\" data-element_type=\"container\" data-e-type=\"container\" data-settings=\"{&quot;_ha_eqh_enable&quot;:false}\">\n\t\t\t\t<div class=\"elementor-element elementor-element-fcadcf0 elementor-widget elementor-widget-image\" data-id=\"fcadcf0\" data-element_type=\"widget\" data-e-type=\"widget\" data-widget_type=\"image.default\">\n\t\t\t\t<div class=\"elementor-widget-container\">\n\t\t\t\t\t\t\t\t\t\t\t\t\t\t\t<img decoding=\"async\" width=\"2560\" height=\"1164\" src=\"https:\/\/prueba.csgabriel.edu.ec\/wp-content\/uploads\/2026\/02\/CONPE-scaled.jpg\" class=\"attachment-full size-full wp-image-47996\" alt=\"\" srcset=\"https:\/\/prueba.csgabriel.edu.ec\/wp-content\/uploads\/2026\/02\/CONPE-scaled.jpg 2560w, https:\/\/prueba.csgabriel.edu.ec\/wp-content\/uploads\/2026\/02\/CONPE-300x136.jpg 300w, https:\/\/prueba.csgabriel.edu.ec\/wp-content\/uploads\/2026\/02\/CONPE-1024x465.jpg 1024w, https:\/\/prueba.csgabriel.edu.ec\/wp-content\/uploads\/2026\/02\/CONPE-768x349.jpg 768w, https:\/\/prueba.csgabriel.edu.ec\/wp-content\/uploads\/2026\/02\/CONPE-1536x698.jpg 1536w, https:\/\/prueba.csgabriel.edu.ec\/wp-content\/uploads\/2026\/02\/CONPE-2048x931.jpg 2048w\" sizes=\"(max-width: 2560px) 100vw, 2560px\" \/>\t\t\t\t\t\t\t\t\t\t\t\t\t\t\t<\/div>\n\t\t\t\t<\/div>\n\t\t\t\t<\/div>\n\t\t<div class=\"elementor-element elementor-element-679a9e2 e-con-full e-flex e-con e-parent\" data-id=\"679a9e2\" data-element_type=\"container\" data-e-type=\"container\" data-settings=\"{&quot;_ha_eqh_enable&quot;:false}\">\n\t\t\t\t<div class=\"elementor-element elementor-element-ee3c952 elementor-widget elementor-widget-heading\" data-id=\"ee3c952\" data-element_type=\"widget\" data-e-type=\"widget\" data-widget_type=\"heading.default\">\n\t\t\t\t<div class=\"elementor-widget-container\">\n\t\t\t\t\t<h2 class=\"elementor-heading-title elementor-size-default\">Committed<\/h2>\t\t\t\t<\/div>\n\t\t\t\t<\/div>\n\t\t\t\t<\/div>\n\t\t<div class=\"elementor-element elementor-element-a70b1f2 e-con-full e-flex e-con e-parent\" data-id=\"a70b1f2\" data-element_type=\"container\" data-e-type=\"container\" data-settings=\"{&quot;_ha_eqh_enable&quot;:false}\">\n\t\t\t\t<div class=\"elementor-element elementor-element-26a73bc elementor-widget__width-initial elementor-widget elementor-widget-text-editor\" data-id=\"26a73bc\" data-element_type=\"widget\" data-e-type=\"widget\" data-widget_type=\"text-editor.default\">\n\t\t\t\t<div class=\"elementor-widget-container\">\n\t\t\t\t\t\t\t\t\t<p><b>Engaged and cooperative: <\/b><span style=\"font-weight: 400;\">A person of courageous action, who works honestly on personal growth and on transforming the world alongside others.\u00a0<\/span><\/p><p><span style=\"font-weight: 400;\">They embrace ecological commitment for the reconciliation and healing of the Earth, and a commitment to social justice\u2014urgent needs that affect all people on the planet.<\/span><\/p><p><b>Open to the world and in movement. <\/b><span style=\"font-weight: 400;\">Through discernment of the most pressing needs of our times, they find ways to serve as deeply and richly as they love. They evolve from feelings of charity and compassion toward a mature sense of justice and solidarity, contributing to the transformation of unjust social structures.<\/span><\/p><p><b>For a World of Reconciliation<\/b><\/p><ul><li style=\"font-weight: 400;\" aria-level=\"1\"><span style=\"font-weight: 400;\">With themselves<\/span><\/li><li style=\"font-weight: 400;\" aria-level=\"1\"><span style=\"font-weight: 400;\">With others<\/span><\/li><li style=\"font-weight: 400;\" aria-level=\"1\"><span style=\"font-weight: 400;\">With nature<\/span><\/li><li style=\"font-weight: 400;\" aria-level=\"1\"><span style=\"font-weight: 400;\">With God<\/span><\/li><\/ul>\t\t\t\t\t\t\t\t<\/div>\n\t\t\t\t<\/div>\n\t\t\t\t<\/div>\n\t\t<div class=\"elementor-element elementor-element-5d3b05e e-con-full e-flex e-con e-parent\" data-id=\"5d3b05e\" data-element_type=\"container\" data-e-type=\"container\" data-settings=\"{&quot;_ha_eqh_enable&quot;:false}\">\n\t\t\t\t<div class=\"elementor-element elementor-element-2b3eef7 elementor-widget elementor-widget-image\" data-id=\"2b3eef7\" data-element_type=\"widget\" data-e-type=\"widget\" data-widget_type=\"image.default\">\n\t\t\t\t<div class=\"elementor-widget-container\">\n\t\t\t\t\t\t\t\t\t\t\t\t\t\t\t<img loading=\"lazy\" decoding=\"async\" width=\"2560\" height=\"1164\" src=\"https:\/\/prueba.csgabriel.edu.ec\/wp-content\/uploads\/2026\/02\/COMPROMETIDOS-scaled.jpg\" class=\"attachment-full size-full wp-image-47993\" alt=\"\" srcset=\"https:\/\/prueba.csgabriel.edu.ec\/wp-content\/uploads\/2026\/02\/COMPROMETIDOS-scaled.jpg 2560w, https:\/\/prueba.csgabriel.edu.ec\/wp-content\/uploads\/2026\/02\/COMPROMETIDOS-300x136.jpg 300w, https:\/\/prueba.csgabriel.edu.ec\/wp-content\/uploads\/2026\/02\/COMPROMETIDOS-1024x466.jpg 1024w, https:\/\/prueba.csgabriel.edu.ec\/wp-content\/uploads\/2026\/02\/COMPROMETIDOS-768x349.jpg 768w, https:\/\/prueba.csgabriel.edu.ec\/wp-content\/uploads\/2026\/02\/COMPROMETIDOS-1536x698.jpg 1536w, https:\/\/prueba.csgabriel.edu.ec\/wp-content\/uploads\/2026\/02\/COMPROMETIDOS-2048x931.jpg 2048w\" sizes=\"(max-width: 2560px) 100vw, 2560px\" \/>\t\t\t\t\t\t\t\t\t\t\t\t\t\t\t<\/div>\n\t\t\t\t<\/div>\n\t\t\t\t<\/div>\n\t\t\t\t<\/div>","protected":false},"excerpt":{"rendered":"<p>Inicio Modelo de Persona Como instituci\u00f3n educativa que forma parte de la RUEI, tanto laicos como jesuitas, emprendimos la transformaci\u00f3n en nuestro centro educativo. Lo hacemos en continuidad hist\u00f3rica con la herencia formativa recibida de san Ignacio de Loyola y desarrollada en todo el mundo a trav\u00e9s de casi cinco siglos por la Compa\u00f1\u00eda de [&hellip;]<\/p>\n","protected":false},"author":12,"featured_media":0,"parent":0,"menu_order":0,"comment_status":"closed","ping_status":"closed","template":"","meta":{"footnotes":""},"class_list":["post-47980","page","type-page","status-publish","hentry"],"_links":{"self":[{"href":"https:\/\/prueba.csgabriel.edu.ec\/en\/wp-json\/wp\/v2\/pages\/47980","targetHints":{"allow":["GET"]}}],"collection":[{"href":"https:\/\/prueba.csgabriel.edu.ec\/en\/wp-json\/wp\/v2\/pages"}],"about":[{"href":"https:\/\/prueba.csgabriel.edu.ec\/en\/wp-json\/wp\/v2\/types\/page"}],"author":[{"embeddable":true,"href":"https:\/\/prueba.csgabriel.edu.ec\/en\/wp-json\/wp\/v2\/users\/12"}],"replies":[{"embeddable":true,"href":"https:\/\/prueba.csgabriel.edu.ec\/en\/wp-json\/wp\/v2\/comments?post=47980"}],"version-history":[{"count":34,"href":"https:\/\/prueba.csgabriel.edu.ec\/en\/wp-json\/wp\/v2\/pages\/47980\/revisions"}],"predecessor-version":[{"id":48709,"href":"https:\/\/prueba.csgabriel.edu.ec\/en\/wp-json\/wp\/v2\/pages\/47980\/revisions\/48709"}],"wp:attachment":[{"href":"https:\/\/prueba.csgabriel.edu.ec\/en\/wp-json\/wp\/v2\/media?parent=47980"}],"curies":[{"name":"wp","href":"https:\/\/api.w.org\/{rel}","templated":true}]}}