{"id":47727,"date":"2026-02-04T11:27:10","date_gmt":"2026-02-04T16:27:10","guid":{"rendered":"https:\/\/prueba.csgabriel.edu.ec\/?page_id=47727"},"modified":"2026-02-18T09:18:25","modified_gmt":"2026-02-18T14:18:25","slug":"comite-central-de-padres-de-familia","status":"publish","type":"page","link":"https:\/\/prueba.csgabriel.edu.ec\/en\/comite-central-de-padres-de-familia\/","title":{"rendered":"Parent  Council"},"content":{"rendered":"<div data-elementor-type=\"wp-page\" data-elementor-id=\"47727\" class=\"elementor elementor-47727\" data-elementor-settings=\"{&quot;ha_cmc_init_switcher&quot;:&quot;no&quot;}\" data-elementor-post-type=\"page\">\n\t\t\t\t<div class=\"elementor-element elementor-element-fc4609c e-flex e-con-boxed e-con e-parent\" data-id=\"fc4609c\" data-element_type=\"container\" data-e-type=\"container\" data-settings=\"{&quot;background_background&quot;:&quot;classic&quot;,&quot;_ha_eqh_enable&quot;:false}\">\n\t\t\t\t\t<div class=\"e-con-inner\">\n\t\t\t\t<div class=\"elementor-element elementor-element-fff9e1f elementor-widget elementor-widget-spacer\" data-id=\"fff9e1f\" data-element_type=\"widget\" data-e-type=\"widget\" data-widget_type=\"spacer.default\">\n\t\t\t\t<div class=\"elementor-widget-container\">\n\t\t\t\t\t\t\t<div class=\"elementor-spacer\">\n\t\t\t<div class=\"elementor-spacer-inner\"><\/div>\n\t\t<\/div>\n\t\t\t\t\t\t<\/div>\n\t\t\t\t<\/div>\n\t\t\t\t\t<\/div>\n\t\t\t\t<\/div>\n\t\t<div class=\"elementor-element elementor-element-9df0f47 e-con-full e-flex e-con e-parent\" data-id=\"9df0f47\" data-element_type=\"container\" data-e-type=\"container\" data-settings=\"{&quot;_ha_eqh_enable&quot;:false}\">\n\t\t\t\t<div class=\"elementor-element elementor-element-19ff7ef elementor-nav-menu--dropdown-none elementor-widget__width-inherit elementor-widget-mobile__width-initial elementor-nav-menu__align-center elementor-widget-tablet_extra__width-inherit elementor-widget elementor-widget-nav-menu\" data-id=\"19ff7ef\" data-element_type=\"widget\" data-e-type=\"widget\" data-settings=\"{&quot;submenu_icon&quot;:{&quot;value&quot;:&quot;&lt;i class=\\&quot;\\&quot; aria-hidden=\\&quot;true\\&quot;&gt;&lt;\\\/i&gt;&quot;,&quot;library&quot;:&quot;&quot;},&quot;layout&quot;:&quot;horizontal&quot;}\" data-widget_type=\"nav-menu.default\">\n\t\t\t\t<div class=\"elementor-widget-container\">\n\t\t\t\t\t\t\t\t<nav aria-label=\"Men\u00fa\" class=\"elementor-nav-menu--main elementor-nav-menu__container elementor-nav-menu--layout-horizontal e--pointer-framed e--animation-fade\">\n\t\t\t\t<ul id=\"menu-1-19ff7ef\" class=\"elementor-nav-menu\"><li class=\"menu-item menu-item-type-post_type menu-item-object-page menu-item-41903\"><a href=\"https:\/\/prueba.csgabriel.edu.ec\/en\/infraestructura\/\" class=\"elementor-item\">Infrastructure<\/a><\/li>\n<li class=\"menu-item menu-item-type-post_type menu-item-object-page menu-item-42076\"><a href=\"https:\/\/prueba.csgabriel.edu.ec\/en\/extracurriculares\/\" class=\"elementor-item\">Extracurricular Activities<\/a><\/li>\n<li class=\"menu-item menu-item-type-post_type menu-item-object-page menu-item-42303\"><a href=\"https:\/\/prueba.csgabriel.edu.ec\/en\/servicios\/\" class=\"elementor-item\">Services<\/a><\/li>\n<li class=\"menu-item menu-item-type-post_type menu-item-object-page menu-item-45730\"><a href=\"https:\/\/prueba.csgabriel.edu.ec\/en\/selecciones\/\" class=\"elementor-item\">Sports Teams<\/a><\/li>\n<li class=\"menu-item menu-item-type-post_type menu-item-object-page menu-item-47860\"><a href=\"https:\/\/prueba.csgabriel.edu.ec\/en\/clubes\/\" class=\"elementor-item\">Clubs<\/a><\/li>\n<li class=\"menu-item menu-item-type-post_type menu-item-object-page menu-item-47766\"><a href=\"https:\/\/prueba.csgabriel.edu.ec\/en\/consejo-estudiantil\/\" class=\"elementor-item\">Student Council<\/a><\/li>\n<li class=\"menu-item menu-item-type-post_type menu-item-object-page menu-item-47767\"><a href=\"https:\/\/prueba.csgabriel.edu.ec\/en\/comite-central-de-padres-de-familia\/\" class=\"elementor-item\">Parent  Council<\/a><\/li>\n<\/ul>\t\t\t<\/nav>\n\t\t\t\t\t\t<nav class=\"elementor-nav-menu--dropdown elementor-nav-menu__container\" aria-hidden=\"true\">\n\t\t\t\t<ul id=\"menu-2-19ff7ef\" class=\"elementor-nav-menu\"><li class=\"menu-item menu-item-type-post_type menu-item-object-page menu-item-41903\"><a href=\"https:\/\/prueba.csgabriel.edu.ec\/en\/infraestructura\/\" class=\"elementor-item\" tabindex=\"-1\">Infrastructure<\/a><\/li>\n<li class=\"menu-item menu-item-type-post_type menu-item-object-page menu-item-42076\"><a href=\"https:\/\/prueba.csgabriel.edu.ec\/en\/extracurriculares\/\" class=\"elementor-item\" tabindex=\"-1\">Extracurricular Activities<\/a><\/li>\n<li class=\"menu-item menu-item-type-post_type menu-item-object-page menu-item-42303\"><a href=\"https:\/\/prueba.csgabriel.edu.ec\/en\/servicios\/\" class=\"elementor-item\" tabindex=\"-1\">Services<\/a><\/li>\n<li class=\"menu-item menu-item-type-post_type menu-item-object-page menu-item-45730\"><a href=\"https:\/\/prueba.csgabriel.edu.ec\/en\/selecciones\/\" class=\"elementor-item\" tabindex=\"-1\">Sports Teams<\/a><\/li>\n<li class=\"menu-item menu-item-type-post_type menu-item-object-page menu-item-47860\"><a href=\"https:\/\/prueba.csgabriel.edu.ec\/en\/clubes\/\" class=\"elementor-item\" tabindex=\"-1\">Clubs<\/a><\/li>\n<li class=\"menu-item menu-item-type-post_type menu-item-object-page menu-item-47766\"><a href=\"https:\/\/prueba.csgabriel.edu.ec\/en\/consejo-estudiantil\/\" class=\"elementor-item\" tabindex=\"-1\">Student Council<\/a><\/li>\n<li class=\"menu-item menu-item-type-post_type menu-item-object-page menu-item-47767\"><a href=\"https:\/\/prueba.csgabriel.edu.ec\/en\/comite-central-de-padres-de-familia\/\" class=\"elementor-item\" tabindex=\"-1\">Parent  Council<\/a><\/li>\n<\/ul>\t\t\t<\/nav>\n\t\t\t\t\t\t<\/div>\n\t\t\t\t<\/div>\n\t\t\t\t<div class=\"elementor-element elementor-element-908fd62 elementor-widget-divider--view-line elementor-widget elementor-widget-divider\" data-id=\"908fd62\" data-element_type=\"widget\" data-e-type=\"widget\" data-widget_type=\"divider.default\">\n\t\t\t\t<div class=\"elementor-widget-container\">\n\t\t\t\t\t\t\t<div class=\"elementor-divider\">\n\t\t\t<span class=\"elementor-divider-separator\">\n\t\t\t\t\t\t<\/span>\n\t\t<\/div>\n\t\t\t\t\t\t<\/div>\n\t\t\t\t<\/div>\n\t\t\t\t<\/div>\n\t\t<div class=\"elementor-element elementor-element-912174f e-con-full e-flex e-con e-parent\" data-id=\"912174f\" data-element_type=\"container\" data-e-type=\"container\" data-settings=\"{&quot;background_background&quot;:&quot;classic&quot;,&quot;_ha_eqh_enable&quot;:false}\">\n\t\t\t\t<div class=\"elementor-element elementor-element-e63745b elementor-widget elementor-widget-hfe-breadcrumbs-widget\" data-id=\"e63745b\" data-element_type=\"widget\" data-e-type=\"widget\" data-widget_type=\"hfe-breadcrumbs-widget.default\">\n\t\t\t\t<div class=\"elementor-widget-container\">\n\t\t\t\t\t<nav aria-label=\"Breadcrumb\"><ul class=\"hfe-breadcrumbs hfe-breadcrumbs-show-home\"><li class=\"hfe-breadcrumbs-item hfe-breadcrumbs-first\"><span class=\"hfe-breadcrumbs-home-icon\"><\/span><a href=\"https:\/\/prueba.csgabriel.edu.ec\/en\"><span class=\"hfe-breadcrumbs-text\">Home<\/span><\/a><\/li><\/ul><\/nav>\t\t\t\t<\/div>\n\t\t\t\t<\/div>\n\t\t\t\t<\/div>\n\t\t<div class=\"elementor-element elementor-element-3712509 e-con-full e-flex e-con e-parent\" data-id=\"3712509\" data-element_type=\"container\" data-e-type=\"container\" data-settings=\"{&quot;_ha_eqh_enable&quot;:false}\">\n\t\t\t\t<div class=\"elementor-element elementor-element-90cd5b7 elementor-widget elementor-widget-heading\" data-id=\"90cd5b7\" data-element_type=\"widget\" data-e-type=\"widget\" data-widget_type=\"heading.default\">\n\t\t\t\t<div class=\"elementor-widget-container\">\n\t\t\t\t\t<h2 class=\"elementor-heading-title elementor-size-default\">Parent  Council<\/h2>\t\t\t\t<\/div>\n\t\t\t\t<\/div>\n\t\t\t\t<\/div>\n\t\t<div class=\"elementor-element elementor-element-b5027b2 e-con-full e-flex e-con e-parent\" data-id=\"b5027b2\" data-element_type=\"container\" data-e-type=\"container\" data-settings=\"{&quot;_ha_eqh_enable&quot;:false}\">\n\t\t\t\t<div class=\"elementor-element elementor-element-6c604f8 elementor-widget elementor-widget-image\" data-id=\"6c604f8\" data-element_type=\"widget\" data-e-type=\"widget\" data-widget_type=\"image.default\">\n\t\t\t\t<div class=\"elementor-widget-container\">\n\t\t\t\t\t\t\t\t\t\t\t\t\t\t\t<img fetchpriority=\"high\" decoding=\"async\" width=\"1440\" height=\"655\" src=\"https:\/\/prueba.csgabriel.edu.ec\/wp-content\/uploads\/2026\/02\/06.NuevoComite25-26-1.jpg\" class=\"attachment-full size-full wp-image-47855\" alt=\"\" srcset=\"https:\/\/prueba.csgabriel.edu.ec\/wp-content\/uploads\/2026\/02\/06.NuevoComite25-26-1.jpg 1440w, https:\/\/prueba.csgabriel.edu.ec\/wp-content\/uploads\/2026\/02\/06.NuevoComite25-26-1-300x136.jpg 300w, https:\/\/prueba.csgabriel.edu.ec\/wp-content\/uploads\/2026\/02\/06.NuevoComite25-26-1-1024x466.jpg 1024w, https:\/\/prueba.csgabriel.edu.ec\/wp-content\/uploads\/2026\/02\/06.NuevoComite25-26-1-768x349.jpg 768w\" sizes=\"(max-width: 1440px) 100vw, 1440px\" \/>\t\t\t\t\t\t\t\t\t\t\t\t\t\t\t<\/div>\n\t\t\t\t<\/div>\n\t\t\t\t<\/div>\n\t\t<div class=\"elementor-element elementor-element-20a8f49 e-con-full e-flex e-con e-parent\" data-id=\"20a8f49\" data-element_type=\"container\" data-e-type=\"container\" data-settings=\"{&quot;_ha_eqh_enable&quot;:false}\">\n\t\t\t\t<div class=\"elementor-element elementor-element-238e63e elementor-widget elementor-widget-text-editor\" data-id=\"238e63e\" data-element_type=\"widget\" data-e-type=\"widget\" data-widget_type=\"text-editor.default\">\n\t\t\t\t<div class=\"elementor-widget-container\">\n\t\t\t\t\t\t\t\t\t<p><span style=\"font-weight: 400;\">The Central Parents\u2019 Committee of Unidad Educativa San Gabriel is a space for active participation that strengthens the educational community through collaborative work among families, students, and teachers. Its mission is to support the comprehensive formation of students, promote Ignatian values, and organize activities that contribute to the well-being of the institution, fostering effective communication, harmonious coexistence, and a sense of belonging.<\/span><\/p><p><span style=\"font-weight: 400;\">In accordance with ministerial regulations, the Committee\u2019s mission is to strengthen shared educational responsibility, encourage the organized participation of mothers, fathers, and legal guardians, and collaborate with teaching staff in building an inclusive, safe, and learning-focused school community. Its actions align these guidelines with the specific needs and dynamics of the institution, consolidating a solid and participatory educational environment.<\/span><\/p>\t\t\t\t\t\t\t\t<\/div>\n\t\t\t\t<\/div>\n\t\t\t\t<\/div>\n\t\t<div class=\"elementor-element elementor-element-00c1143 e-con-full elementor-hidden-widescreen elementor-hidden-desktop elementor-hidden-laptop elementor-hidden-tablet_extra elementor-hidden-tablet elementor-hidden-mobile_extra elementor-hidden-mobile e-flex e-con e-parent\" data-id=\"00c1143\" data-element_type=\"container\" data-e-type=\"container\" data-settings=\"{&quot;background_background&quot;:&quot;classic&quot;,&quot;_ha_eqh_enable&quot;:false}\">\n\t\t<div class=\"elementor-element elementor-element-bcff408 e-con-full e-flex e-con e-child\" data-id=\"bcff408\" data-element_type=\"container\" data-e-type=\"container\" data-settings=\"{&quot;_ha_eqh_enable&quot;:false}\">\n\t\t\t\t<div class=\"elementor-element elementor-element-16ac487 elementor-widget__width-inherit elementor-widget elementor-widget-text-editor\" data-id=\"16ac487\" data-element_type=\"widget\" data-e-type=\"widget\" data-widget_type=\"text-editor.default\">\n\t\t\t\t<div class=\"elementor-widget-container\">\n\t\t\t\t\t\t\t\t\t<p>PLAN DE TRABAJO<\/p>\t\t\t\t\t\t\t\t<\/div>\n\t\t\t\t<\/div>\n\t\t\t\t<\/div>\n\t\t\t\t<\/div>\n\t\t<div class=\"elementor-element elementor-element-5e0e4b1 e-con-full elementor-hidden-widescreen elementor-hidden-desktop elementor-hidden-laptop elementor-hidden-tablet_extra elementor-hidden-tablet elementor-hidden-mobile_extra elementor-hidden-mobile e-flex e-con e-parent\" data-id=\"5e0e4b1\" data-element_type=\"container\" data-e-type=\"container\" data-settings=\"{&quot;background_background&quot;:&quot;classic&quot;,&quot;_ha_eqh_enable&quot;:false}\">\n\t\t<div class=\"elementor-element elementor-element-763185c e-con-full e-flex e-con e-child\" data-id=\"763185c\" data-element_type=\"container\" data-e-type=\"container\" data-settings=\"{&quot;_ha_eqh_enable&quot;:false}\">\n\t\t<div class=\"elementor-element elementor-element-a500278 e-con-full e-flex e-con e-child\" data-id=\"a500278\" data-element_type=\"container\" data-e-type=\"container\" data-settings=\"{&quot;_ha_eqh_enable&quot;:false}\">\n\t\t<div class=\"elementor-element elementor-element-3792a9b e-con-full e-flex e-con e-child\" data-id=\"3792a9b\" data-element_type=\"container\" data-e-type=\"container\" data-settings=\"{&quot;_ha_eqh_enable&quot;:false}\">\n\t\t<div class=\"elementor-element elementor-element-4de09ff e-con-full e-flex e-con e-child\" data-id=\"4de09ff\" data-element_type=\"container\" data-e-type=\"container\" data-settings=\"{&quot;_ha_eqh_enable&quot;:false}\">\n\t\t<div class=\"elementor-element elementor-element-e4e7e1c e-con-full e-flex e-con e-child\" data-id=\"e4e7e1c\" data-element_type=\"container\" data-e-type=\"container\" data-settings=\"{&quot;background_background&quot;:&quot;classic&quot;,&quot;_ha_eqh_enable&quot;:false}\">\n\t\t\t\t<div class=\"elementor-element elementor-element-907059f elementor-widget elementor-widget-text-editor\" data-id=\"907059f\" data-element_type=\"widget\" data-e-type=\"widget\" data-widget_type=\"text-editor.default\">\n\t\t\t\t<div class=\"elementor-widget-container\">\n\t\t\t\t\t\t\t\t\t<p>1<\/p>\t\t\t\t\t\t\t\t<\/div>\n\t\t\t\t<\/div>\n\t\t\t\t<\/div>\n\t\t<div class=\"elementor-element elementor-element-dc9f7de e-con-full e-flex e-con e-child\" data-id=\"dc9f7de\" data-element_type=\"container\" data-e-type=\"container\" data-settings=\"{&quot;_ha_eqh_enable&quot;:false}\">\n\t\t\t\t<div class=\"elementor-element elementor-element-0097296 elementor-widget elementor-widget-text-editor\" data-id=\"0097296\" data-element_type=\"widget\" data-e-type=\"widget\" data-widget_type=\"text-editor.default\">\n\t\t\t\t<div class=\"elementor-widget-container\">\n\t\t\t\t\t\t\t\t\t<p>Para fortalecer la formaci\u00f3n integral de las y los gabrielinos, la instituci\u00f3n propicia la conformaci\u00f3n.\u00a0<\/p>\t\t\t\t\t\t\t\t<\/div>\n\t\t\t\t<\/div>\n\t\t\t\t<\/div>\n\t\t\t\t<\/div>\n\t\t<div class=\"elementor-element elementor-element-b8f36a2 e-con-full e-flex e-con e-child\" data-id=\"b8f36a2\" data-element_type=\"container\" data-e-type=\"container\" data-settings=\"{&quot;_ha_eqh_enable&quot;:false}\">\n\t\t<div class=\"elementor-element elementor-element-5fbf5ef e-con-full e-flex e-con e-child\" data-id=\"5fbf5ef\" data-element_type=\"container\" data-e-type=\"container\" data-settings=\"{&quot;background_background&quot;:&quot;classic&quot;,&quot;_ha_eqh_enable&quot;:false}\">\n\t\t\t\t<div class=\"elementor-element elementor-element-c5e8784 elementor-widget elementor-widget-text-editor\" data-id=\"c5e8784\" data-element_type=\"widget\" data-e-type=\"widget\" data-widget_type=\"text-editor.default\">\n\t\t\t\t<div class=\"elementor-widget-container\">\n\t\t\t\t\t\t\t\t\t<p>2<\/p>\t\t\t\t\t\t\t\t<\/div>\n\t\t\t\t<\/div>\n\t\t\t\t<\/div>\n\t\t<div class=\"elementor-element elementor-element-e9e6cee e-con-full e-flex e-con e-child\" data-id=\"e9e6cee\" data-element_type=\"container\" data-e-type=\"container\" data-settings=\"{&quot;_ha_eqh_enable&quot;:false}\">\n\t\t\t\t<div class=\"elementor-element elementor-element-cbbd810 elementor-widget elementor-widget-text-editor\" data-id=\"cbbd810\" data-element_type=\"widget\" data-e-type=\"widget\" data-widget_type=\"text-editor.default\">\n\t\t\t\t<div class=\"elementor-widget-container\">\n\t\t\t\t\t\t\t\t\t<p>Para fortalecer la formaci\u00f3n integral de las y los gabrielinos, la instituci\u00f3n propicia la conformaci\u00f3n.\u00a0<\/p>\t\t\t\t\t\t\t\t<\/div>\n\t\t\t\t<\/div>\n\t\t\t\t<\/div>\n\t\t\t\t<\/div>\n\t\t<div class=\"elementor-element elementor-element-eb2424d e-con-full e-flex e-con e-child\" data-id=\"eb2424d\" data-element_type=\"container\" data-e-type=\"container\" data-settings=\"{&quot;_ha_eqh_enable&quot;:false}\">\n\t\t<div class=\"elementor-element elementor-element-5828084 e-con-full e-flex e-con e-child\" data-id=\"5828084\" data-element_type=\"container\" data-e-type=\"container\" data-settings=\"{&quot;background_background&quot;:&quot;classic&quot;,&quot;_ha_eqh_enable&quot;:false}\">\n\t\t\t\t<div class=\"elementor-element elementor-element-4da089b elementor-widget elementor-widget-text-editor\" data-id=\"4da089b\" data-element_type=\"widget\" data-e-type=\"widget\" data-widget_type=\"text-editor.default\">\n\t\t\t\t<div class=\"elementor-widget-container\">\n\t\t\t\t\t\t\t\t\t<p>3<\/p>\t\t\t\t\t\t\t\t<\/div>\n\t\t\t\t<\/div>\n\t\t\t\t<\/div>\n\t\t<div class=\"elementor-element elementor-element-99f080c e-con-full e-flex e-con e-child\" data-id=\"99f080c\" data-element_type=\"container\" data-e-type=\"container\" data-settings=\"{&quot;_ha_eqh_enable&quot;:false}\">\n\t\t\t\t<div class=\"elementor-element elementor-element-c984150 elementor-widget elementor-widget-text-editor\" data-id=\"c984150\" data-element_type=\"widget\" data-e-type=\"widget\" data-widget_type=\"text-editor.default\">\n\t\t\t\t<div class=\"elementor-widget-container\">\n\t\t\t\t\t\t\t\t\t<p>Para fortalecer la formaci\u00f3n integral de las y los gabrielinos, la instituci\u00f3n propicia la conformaci\u00f3n.\u00a0<\/p>\t\t\t\t\t\t\t\t<\/div>\n\t\t\t\t<\/div>\n\t\t\t\t<\/div>\n\t\t\t\t<\/div>\n\t\t\t\t<\/div>\n\t\t<div class=\"elementor-element elementor-element-9aaf741 e-con-full e-flex e-con e-child\" data-id=\"9aaf741\" data-element_type=\"container\" data-e-type=\"container\" data-settings=\"{&quot;_ha_eqh_enable&quot;:false}\">\n\t\t<div class=\"elementor-element elementor-element-3b77511 e-con-full e-flex e-con e-child\" data-id=\"3b77511\" data-element_type=\"container\" data-e-type=\"container\" data-settings=\"{&quot;_ha_eqh_enable&quot;:false}\">\n\t\t<div class=\"elementor-element elementor-element-1077373 e-con-full e-flex e-con e-child\" data-id=\"1077373\" data-element_type=\"container\" data-e-type=\"container\" data-settings=\"{&quot;background_background&quot;:&quot;classic&quot;,&quot;_ha_eqh_enable&quot;:false}\">\n\t\t\t\t<div class=\"elementor-element elementor-element-ea1e7e1 elementor-widget elementor-widget-text-editor\" data-id=\"ea1e7e1\" data-element_type=\"widget\" data-e-type=\"widget\" data-widget_type=\"text-editor.default\">\n\t\t\t\t<div class=\"elementor-widget-container\">\n\t\t\t\t\t\t\t\t\t<p>4<\/p>\t\t\t\t\t\t\t\t<\/div>\n\t\t\t\t<\/div>\n\t\t\t\t<\/div>\n\t\t<div class=\"elementor-element elementor-element-274da51 e-con-full e-flex e-con e-child\" data-id=\"274da51\" data-element_type=\"container\" data-e-type=\"container\" data-settings=\"{&quot;_ha_eqh_enable&quot;:false}\">\n\t\t\t\t<div class=\"elementor-element elementor-element-46706c8 elementor-widget elementor-widget-text-editor\" data-id=\"46706c8\" data-element_type=\"widget\" data-e-type=\"widget\" data-widget_type=\"text-editor.default\">\n\t\t\t\t<div class=\"elementor-widget-container\">\n\t\t\t\t\t\t\t\t\t<p>Para fortalecer la formaci\u00f3n integral de las y los gabrielinos, la instituci\u00f3n propicia la conformaci\u00f3n.\u00a0<\/p>\t\t\t\t\t\t\t\t<\/div>\n\t\t\t\t<\/div>\n\t\t\t\t<\/div>\n\t\t\t\t<\/div>\n\t\t<div class=\"elementor-element elementor-element-383b9bf e-con-full e-flex e-con e-child\" data-id=\"383b9bf\" data-element_type=\"container\" data-e-type=\"container\" data-settings=\"{&quot;_ha_eqh_enable&quot;:false}\">\n\t\t<div class=\"elementor-element elementor-element-fd63564 e-con-full e-flex e-con e-child\" data-id=\"fd63564\" data-element_type=\"container\" data-e-type=\"container\" data-settings=\"{&quot;background_background&quot;:&quot;classic&quot;,&quot;_ha_eqh_enable&quot;:false}\">\n\t\t\t\t<div class=\"elementor-element elementor-element-1c7ce72 elementor-widget elementor-widget-text-editor\" data-id=\"1c7ce72\" data-element_type=\"widget\" data-e-type=\"widget\" data-widget_type=\"text-editor.default\">\n\t\t\t\t<div class=\"elementor-widget-container\">\n\t\t\t\t\t\t\t\t\t<p>5<\/p>\t\t\t\t\t\t\t\t<\/div>\n\t\t\t\t<\/div>\n\t\t\t\t<\/div>\n\t\t<div class=\"elementor-element elementor-element-6e32499 e-con-full e-flex e-con e-child\" data-id=\"6e32499\" data-element_type=\"container\" data-e-type=\"container\" data-settings=\"{&quot;_ha_eqh_enable&quot;:false}\">\n\t\t\t\t<div class=\"elementor-element elementor-element-95f9a68 elementor-widget elementor-widget-text-editor\" data-id=\"95f9a68\" data-element_type=\"widget\" data-e-type=\"widget\" data-widget_type=\"text-editor.default\">\n\t\t\t\t<div class=\"elementor-widget-container\">\n\t\t\t\t\t\t\t\t\t<p>Para fortalecer la formaci\u00f3n integral de las y los gabrielinos, la instituci\u00f3n propicia la conformaci\u00f3n.\u00a0<\/p>\t\t\t\t\t\t\t\t<\/div>\n\t\t\t\t<\/div>\n\t\t\t\t<\/div>\n\t\t\t\t<\/div>\n\t\t<div class=\"elementor-element elementor-element-35b311a e-con-full e-flex e-con e-child\" data-id=\"35b311a\" data-element_type=\"container\" data-e-type=\"container\" data-settings=\"{&quot;_ha_eqh_enable&quot;:false}\">\n\t\t<div class=\"elementor-element elementor-element-8203a11 e-con-full e-flex e-con e-child\" data-id=\"8203a11\" data-element_type=\"container\" data-e-type=\"container\" data-settings=\"{&quot;background_background&quot;:&quot;classic&quot;,&quot;_ha_eqh_enable&quot;:false}\">\n\t\t\t\t<div class=\"elementor-element elementor-element-cf60010 elementor-widget elementor-widget-text-editor\" data-id=\"cf60010\" data-element_type=\"widget\" data-e-type=\"widget\" data-widget_type=\"text-editor.default\">\n\t\t\t\t<div class=\"elementor-widget-container\">\n\t\t\t\t\t\t\t\t\t<p>6<\/p>\t\t\t\t\t\t\t\t<\/div>\n\t\t\t\t<\/div>\n\t\t\t\t<\/div>\n\t\t<div class=\"elementor-element elementor-element-da4a312 e-con-full e-flex e-con e-child\" data-id=\"da4a312\" data-element_type=\"container\" data-e-type=\"container\" data-settings=\"{&quot;_ha_eqh_enable&quot;:false}\">\n\t\t\t\t<div class=\"elementor-element elementor-element-17752a5 elementor-widget elementor-widget-text-editor\" data-id=\"17752a5\" data-element_type=\"widget\" data-e-type=\"widget\" data-widget_type=\"text-editor.default\">\n\t\t\t\t<div class=\"elementor-widget-container\">\n\t\t\t\t\t\t\t\t\t<p>Para fortalecer la formaci\u00f3n integral de las y los gabrielinos, la instituci\u00f3n propicia la conformaci\u00f3n.\u00a0<\/p>\t\t\t\t\t\t\t\t<\/div>\n\t\t\t\t<\/div>\n\t\t\t\t<\/div>\n\t\t\t\t<\/div>\n\t\t\t\t<\/div>\n\t\t\t\t<\/div>\n\t\t\t\t<\/div>\n\t\t\t\t<\/div>\n\t\t\t\t<\/div>","protected":false},"excerpt":{"rendered":"<p>Inicio Comit\u00e9 Central de Padres de Familia El Comit\u00e9 Central de Padres de Familia de la Unidad Educativa San Gabriel es un espacio de participaci\u00f3n activa que fortalece la comunidad educativa mediante el trabajo colaborativo entre familias, estudiantes y docentes. Su labor se orienta a apoyar la formaci\u00f3n integral de los estudiantes, promover valores ignacianos [&hellip;]<\/p>\n","protected":false},"author":12,"featured_media":0,"parent":0,"menu_order":0,"comment_status":"closed","ping_status":"closed","template":"","meta":{"footnotes":""},"class_list":["post-47727","page","type-page","status-publish","hentry"],"_links":{"self":[{"href":"https:\/\/prueba.csgabriel.edu.ec\/en\/wp-json\/wp\/v2\/pages\/47727","targetHints":{"allow":["GET"]}}],"collection":[{"href":"https:\/\/prueba.csgabriel.edu.ec\/en\/wp-json\/wp\/v2\/pages"}],"about":[{"href":"https:\/\/prueba.csgabriel.edu.ec\/en\/wp-json\/wp\/v2\/types\/page"}],"author":[{"embeddable":true,"href":"https:\/\/prueba.csgabriel.edu.ec\/en\/wp-json\/wp\/v2\/users\/12"}],"replies":[{"embeddable":true,"href":"https:\/\/prueba.csgabriel.edu.ec\/en\/wp-json\/wp\/v2\/comments?post=47727"}],"version-history":[{"count":41,"href":"https:\/\/prueba.csgabriel.edu.ec\/en\/wp-json\/wp\/v2\/pages\/47727\/revisions"}],"predecessor-version":[{"id":48583,"href":"https:\/\/prueba.csgabriel.edu.ec\/en\/wp-json\/wp\/v2\/pages\/47727\/revisions\/48583"}],"wp:attachment":[{"href":"https:\/\/prueba.csgabriel.edu.ec\/en\/wp-json\/wp\/v2\/media?parent=47727"}],"curies":[{"name":"wp","href":"https:\/\/api.w.org\/{rel}","templated":true}]}}