{"id":47551,"date":"2026-02-03T10:50:30","date_gmt":"2026-02-03T15:50:30","guid":{"rendered":"https:\/\/prueba.csgabriel.edu.ec\/?page_id=47551"},"modified":"2026-02-19T11:26:07","modified_gmt":"2026-02-19T16:26:07","slug":"mej-ninos","status":"publish","type":"page","link":"https:\/\/prueba.csgabriel.edu.ec\/en\/mej-ninos\/","title":{"rendered":"MEJ &#8211; Ni\u00f1os"},"content":{"rendered":"\t\t<div data-elementor-type=\"wp-page\" data-elementor-id=\"47551\" class=\"elementor elementor-47551\" data-elementor-settings=\"{&quot;ha_cmc_init_switcher&quot;:&quot;no&quot;}\" data-elementor-post-type=\"page\">\n\t\t\t\t<div class=\"elementor-element elementor-element-8fe1f31 e-flex e-con-boxed e-con e-parent\" data-id=\"8fe1f31\" data-element_type=\"container\" data-e-type=\"container\" data-settings=\"{&quot;background_background&quot;:&quot;classic&quot;,&quot;_ha_eqh_enable&quot;:false}\">\n\t\t\t\t\t<div class=\"e-con-inner\">\n\t\t\t\t<div class=\"elementor-element elementor-element-c56d605 elementor-widget elementor-widget-spacer\" data-id=\"c56d605\" data-element_type=\"widget\" data-e-type=\"widget\" data-widget_type=\"spacer.default\">\n\t\t\t\t<div class=\"elementor-widget-container\">\n\t\t\t\t\t\t\t<div class=\"elementor-spacer\">\n\t\t\t<div class=\"elementor-spacer-inner\"><\/div>\n\t\t<\/div>\n\t\t\t\t\t\t<\/div>\n\t\t\t\t<\/div>\n\t\t\t\t\t<\/div>\n\t\t\t\t<\/div>\n\t\t<div class=\"elementor-element elementor-element-405a765 e-con-full e-flex e-con e-parent\" data-id=\"405a765\" data-element_type=\"container\" data-e-type=\"container\" data-settings=\"{&quot;_ha_eqh_enable&quot;:false}\">\n\t\t\t\t<div class=\"elementor-element elementor-element-f6aefe3 elementor-nav-menu--dropdown-none elementor-widget__width-initial elementor-widget-mobile__width-initial elementor-nav-menu__align-center elementor-widget elementor-widget-nav-menu\" data-id=\"f6aefe3\" data-element_type=\"widget\" data-e-type=\"widget\" data-settings=\"{&quot;submenu_icon&quot;:{&quot;value&quot;:&quot;&lt;i class=\\&quot;\\&quot; aria-hidden=\\&quot;true\\&quot;&gt;&lt;\\\/i&gt;&quot;,&quot;library&quot;:&quot;&quot;},&quot;layout&quot;:&quot;horizontal&quot;}\" data-widget_type=\"nav-menu.default\">\n\t\t\t\t<div class=\"elementor-widget-container\">\n\t\t\t\t\t\t\t\t<nav aria-label=\"Men\u00fa\" class=\"elementor-nav-menu--main elementor-nav-menu__container elementor-nav-menu--layout-horizontal e--pointer-framed e--animation-fade\">\n\t\t\t\t<ul id=\"menu-1-f6aefe3\" class=\"elementor-nav-menu\"><li class=\"menu-item menu-item-type-post_type menu-item-object-page menu-item-41507\"><a href=\"https:\/\/prueba.csgabriel.edu.ec\/en\/grupos-ignacianos\/\" class=\"elementor-item\">Grupos Ignacianos<\/a><\/li>\n<li class=\"menu-item menu-item-type-post_type menu-item-object-page menu-item-47799\"><a href=\"https:\/\/prueba.csgabriel.edu.ec\/en\/mej\/\" class=\"elementor-item\">MEJ<\/a><\/li>\n<li class=\"menu-item menu-item-type-post_type menu-item-object-page menu-item-47578\"><a href=\"https:\/\/prueba.csgabriel.edu.ec\/en\/mej-ninos\/\" class=\"elementor-item\">MEJ \u2013 Ni\u00f1os<\/a><\/li>\n<li class=\"menu-item menu-item-type-post_type menu-item-object-page menu-item-47577\"><a href=\"https:\/\/prueba.csgabriel.edu.ec\/en\/cel\/\" class=\"elementor-item\">CEL<\/a><\/li>\n<li class=\"menu-item menu-item-type-post_type menu-item-object-page menu-item-47576\"><a href=\"https:\/\/prueba.csgabriel.edu.ec\/en\/fas\/\" class=\"elementor-item\">FAS<\/a><\/li>\n<\/ul>\t\t\t<\/nav>\n\t\t\t\t\t\t<nav class=\"elementor-nav-menu--dropdown elementor-nav-menu__container\" aria-hidden=\"true\">\n\t\t\t\t<ul id=\"menu-2-f6aefe3\" class=\"elementor-nav-menu\"><li class=\"menu-item menu-item-type-post_type menu-item-object-page menu-item-41507\"><a href=\"https:\/\/prueba.csgabriel.edu.ec\/en\/grupos-ignacianos\/\" class=\"elementor-item\" tabindex=\"-1\">Grupos Ignacianos<\/a><\/li>\n<li class=\"menu-item menu-item-type-post_type menu-item-object-page menu-item-47799\"><a href=\"https:\/\/prueba.csgabriel.edu.ec\/en\/mej\/\" class=\"elementor-item\" tabindex=\"-1\">MEJ<\/a><\/li>\n<li class=\"menu-item menu-item-type-post_type menu-item-object-page menu-item-47578\"><a href=\"https:\/\/prueba.csgabriel.edu.ec\/en\/mej-ninos\/\" class=\"elementor-item\" tabindex=\"-1\">MEJ \u2013 Ni\u00f1os<\/a><\/li>\n<li class=\"menu-item menu-item-type-post_type menu-item-object-page menu-item-47577\"><a href=\"https:\/\/prueba.csgabriel.edu.ec\/en\/cel\/\" class=\"elementor-item\" tabindex=\"-1\">CEL<\/a><\/li>\n<li class=\"menu-item menu-item-type-post_type menu-item-object-page menu-item-47576\"><a href=\"https:\/\/prueba.csgabriel.edu.ec\/en\/fas\/\" class=\"elementor-item\" tabindex=\"-1\">FAS<\/a><\/li>\n<\/ul>\t\t\t<\/nav>\n\t\t\t\t\t\t<\/div>\n\t\t\t\t<\/div>\n\t\t\t\t<div class=\"elementor-element elementor-element-8448506 elementor-widget-divider--view-line elementor-widget elementor-widget-divider\" data-id=\"8448506\" data-element_type=\"widget\" data-e-type=\"widget\" data-widget_type=\"divider.default\">\n\t\t\t\t<div class=\"elementor-widget-container\">\n\t\t\t\t\t\t\t<div class=\"elementor-divider\">\n\t\t\t<span class=\"elementor-divider-separator\">\n\t\t\t\t\t\t<\/span>\n\t\t<\/div>\n\t\t\t\t\t\t<\/div>\n\t\t\t\t<\/div>\n\t\t\t\t<\/div>\n\t\t<div class=\"elementor-element elementor-element-e2d979a e-con-full e-flex e-con e-parent\" data-id=\"e2d979a\" data-element_type=\"container\" data-e-type=\"container\" data-settings=\"{&quot;_ha_eqh_enable&quot;:false}\">\n\t\t<div class=\"elementor-element elementor-element-33eeae4 e-con-full e-flex e-con e-child\" data-id=\"33eeae4\" data-element_type=\"container\" data-e-type=\"container\" data-settings=\"{&quot;_ha_eqh_enable&quot;:false}\">\n\t\t\t\t<div class=\"elementor-element elementor-element-e63745b elementor-widget__width-inherit elementor-widget elementor-widget-hfe-breadcrumbs-widget\" data-id=\"e63745b\" data-element_type=\"widget\" data-e-type=\"widget\" data-widget_type=\"hfe-breadcrumbs-widget.default\">\n\t\t\t\t<div class=\"elementor-widget-container\">\n\t\t\t\t\t<nav aria-label=\"Breadcrumb\"><ul class=\"hfe-breadcrumbs hfe-breadcrumbs-show-home\"><li class=\"hfe-breadcrumbs-item hfe-breadcrumbs-first\"><span class=\"hfe-breadcrumbs-home-icon\"><\/span><a href=\"https:\/\/prueba.csgabriel.edu.ec\/en\"><span class=\"hfe-breadcrumbs-text\">Inicio<\/span><\/a><\/li><\/ul><\/nav>\t\t\t\t<\/div>\n\t\t\t\t<\/div>\n\t\t\t\t<\/div>\n\t\t\t\t<\/div>\n\t\t<div class=\"elementor-element elementor-element-250b534 e-con-full e-flex e-con e-parent\" data-id=\"250b534\" data-element_type=\"container\" data-e-type=\"container\" data-settings=\"{&quot;_ha_eqh_enable&quot;:false}\">\n\t\t\t\t<div class=\"elementor-element elementor-element-5275a23 elementor-widget elementor-widget-heading\" data-id=\"5275a23\" data-element_type=\"widget\" data-e-type=\"widget\" data-widget_type=\"heading.default\">\n\t\t\t\t<div class=\"elementor-widget-container\">\n\t\t\t\t\t<h2 class=\"elementor-heading-title elementor-size-default\">MEJ - Ni\u00f1os<\/h2>\t\t\t\t<\/div>\n\t\t\t\t<\/div>\n\t\t\t\t<\/div>\n\t\t<div class=\"elementor-element elementor-element-4821e18 e-con-full e-flex e-con e-parent\" data-id=\"4821e18\" data-element_type=\"container\" data-e-type=\"container\" data-settings=\"{&quot;_ha_eqh_enable&quot;:false}\">\n\t\t\t\t<div class=\"elementor-element elementor-element-c342782 elementor-arrows-position-outside elementor-widget elementor-widget-n-carousel\" data-id=\"c342782\" data-element_type=\"widget\" data-e-type=\"widget\" data-settings=\"{&quot;carousel_items&quot;:[{&quot;slide_title&quot;:&quot;Diapositiva n\\u00ba 1&quot;,&quot;_id&quot;:&quot;7c4807d&quot;},{&quot;slide_title&quot;:&quot;Diapositiva n\\u00ba 2&quot;,&quot;_id&quot;:&quot;75abeaa&quot;},{&quot;slide_title&quot;:&quot;Diapositiva n\\u00ba 4&quot;,&quot;_id&quot;:&quot;7c719f7&quot;},{&quot;slide_title&quot;:&quot;Diapositiva n\\u00ba 5&quot;,&quot;_id&quot;:&quot;694f90c&quot;},{&quot;slide_title&quot;:&quot;Diapositiva n\\u00ba 6&quot;,&quot;_id&quot;:&quot;dd35e9f&quot;}],&quot;slides_to_show&quot;:&quot;1&quot;,&quot;slides_to_show_tablet&quot;:&quot;2&quot;,&quot;slides_to_show_mobile&quot;:&quot;1&quot;,&quot;autoplay&quot;:&quot;yes&quot;,&quot;autoplay_speed&quot;:5000,&quot;pause_on_hover&quot;:&quot;yes&quot;,&quot;pause_on_interaction&quot;:&quot;yes&quot;,&quot;infinite&quot;:&quot;yes&quot;,&quot;speed&quot;:500,&quot;offset_sides&quot;:&quot;none&quot;,&quot;arrows&quot;:&quot;yes&quot;,&quot;image_spacing_custom&quot;:{&quot;unit&quot;:&quot;px&quot;,&quot;size&quot;:10,&quot;sizes&quot;:[]},&quot;image_spacing_custom_widescreen&quot;:{&quot;unit&quot;:&quot;px&quot;,&quot;size&quot;:&quot;&quot;,&quot;sizes&quot;:[]},&quot;image_spacing_custom_laptop&quot;:{&quot;unit&quot;:&quot;px&quot;,&quot;size&quot;:&quot;&quot;,&quot;sizes&quot;:[]},&quot;image_spacing_custom_tablet_extra&quot;:{&quot;unit&quot;:&quot;px&quot;,&quot;size&quot;:&quot;&quot;,&quot;sizes&quot;:[]},&quot;image_spacing_custom_tablet&quot;:{&quot;unit&quot;:&quot;px&quot;,&quot;size&quot;:&quot;&quot;,&quot;sizes&quot;:[]},&quot;image_spacing_custom_mobile_extra&quot;:{&quot;unit&quot;:&quot;px&quot;,&quot;size&quot;:&quot;&quot;,&quot;sizes&quot;:[]},&quot;image_spacing_custom_mobile&quot;:{&quot;unit&quot;:&quot;px&quot;,&quot;size&quot;:&quot;&quot;,&quot;sizes&quot;:[]}}\" data-widget_type=\"nested-carousel.default\">\n\t\t\t\t<div class=\"elementor-widget-container\">\n\t\t\t\t\t\t\t<div class=\"e-n-carousel swiper\" role=\"region\" aria-roledescription=\"carousel\" aria-label=\"Carrusel\" dir=\"ltr\">\n\t\t\t<div class=\"swiper-wrapper\" aria-live=\"off\">\n\t\t\t\t\t\t\t\t\t\t<div class=\"swiper-slide\" data-slide=\"1\" role=\"group\" aria-roledescription=\"slide\" aria-label=\"1 of 5\">\n\t\t\t\t\t\t\t<div class=\"elementor-element elementor-element-f10fbc3 e-flex e-con-boxed e-con e-child\" data-id=\"f10fbc3\" data-element_type=\"container\" data-e-type=\"container\" data-settings=\"{&quot;_ha_eqh_enable&quot;:false}\">\n\t\t\t\t\t<div class=\"e-con-inner\">\n\t\t\t\t<div class=\"elementor-element elementor-element-68b8f04 elementor-widget elementor-widget-image\" data-id=\"68b8f04\" data-element_type=\"widget\" data-e-type=\"widget\" data-widget_type=\"image.default\">\n\t\t\t\t<div class=\"elementor-widget-container\">\n\t\t\t\t\t\t\t\t\t\t\t\t\t\t\t<img fetchpriority=\"high\" decoding=\"async\" width=\"2560\" height=\"1164\" src=\"https:\/\/prueba.csgabriel.edu.ec\/wp-content\/uploads\/2026\/01\/acampada-scaled.jpg\" class=\"attachment-full size-full wp-image-46491\" alt=\"\" srcset=\"https:\/\/prueba.csgabriel.edu.ec\/wp-content\/uploads\/2026\/01\/acampada-scaled.jpg 2560w, https:\/\/prueba.csgabriel.edu.ec\/wp-content\/uploads\/2026\/01\/acampada-300x136.jpg 300w, https:\/\/prueba.csgabriel.edu.ec\/wp-content\/uploads\/2026\/01\/acampada-1024x465.jpg 1024w, https:\/\/prueba.csgabriel.edu.ec\/wp-content\/uploads\/2026\/01\/acampada-768x349.jpg 768w, https:\/\/prueba.csgabriel.edu.ec\/wp-content\/uploads\/2026\/01\/acampada-1536x698.jpg 1536w, https:\/\/prueba.csgabriel.edu.ec\/wp-content\/uploads\/2026\/01\/acampada-2048x931.jpg 2048w\" sizes=\"(max-width: 2560px) 100vw, 2560px\" \/>\t\t\t\t\t\t\t\t\t\t\t\t\t\t\t<\/div>\n\t\t\t\t<\/div>\n\t\t\t\t\t<\/div>\n\t\t\t\t<\/div>\n\t\t\t\t\t\t\t\t<\/div>\n\t\t\t\t\t\t\t\t\t\t\t<div class=\"swiper-slide\" data-slide=\"2\" role=\"group\" aria-roledescription=\"slide\" aria-label=\"2 of 5\">\n\t\t\t\t\t\t\t<div class=\"elementor-element elementor-element-cd48405 e-flex e-con-boxed e-con e-child\" data-id=\"cd48405\" data-element_type=\"container\" data-e-type=\"container\" data-settings=\"{&quot;_ha_eqh_enable&quot;:false}\">\n\t\t\t\t\t<div class=\"e-con-inner\">\n\t\t\t\t<div class=\"elementor-element elementor-element-4d64795 elementor-widget elementor-widget-image\" data-id=\"4d64795\" data-element_type=\"widget\" data-e-type=\"widget\" data-widget_type=\"image.default\">\n\t\t\t\t<div class=\"elementor-widget-container\">\n\t\t\t\t\t\t\t\t\t\t\t\t\t\t\t<img decoding=\"async\" width=\"2560\" height=\"1163\" src=\"https:\/\/prueba.csgabriel.edu.ec\/wp-content\/uploads\/2026\/02\/mej-scaled.jpg\" class=\"attachment-full size-full wp-image-47801\" alt=\"\" srcset=\"https:\/\/prueba.csgabriel.edu.ec\/wp-content\/uploads\/2026\/02\/mej-scaled.jpg 2560w, https:\/\/prueba.csgabriel.edu.ec\/wp-content\/uploads\/2026\/02\/mej-300x136.jpg 300w, https:\/\/prueba.csgabriel.edu.ec\/wp-content\/uploads\/2026\/02\/mej-1024x465.jpg 1024w, https:\/\/prueba.csgabriel.edu.ec\/wp-content\/uploads\/2026\/02\/mej-768x349.jpg 768w, https:\/\/prueba.csgabriel.edu.ec\/wp-content\/uploads\/2026\/02\/mej-1536x698.jpg 1536w, https:\/\/prueba.csgabriel.edu.ec\/wp-content\/uploads\/2026\/02\/mej-2048x931.jpg 2048w\" sizes=\"(max-width: 2560px) 100vw, 2560px\" \/>\t\t\t\t\t\t\t\t\t\t\t\t\t\t\t<\/div>\n\t\t\t\t<\/div>\n\t\t\t\t\t<\/div>\n\t\t\t\t<\/div>\n\t\t\t\t\t\t\t\t<\/div>\n\t\t\t\t\t\t\t\t\t\t\t<div class=\"swiper-slide\" data-slide=\"3\" role=\"group\" aria-roledescription=\"slide\" aria-label=\"3 of 5\">\n\t\t\t\t\t\t\t<div class=\"elementor-element elementor-element-28f8892 e-flex e-con-boxed e-con e-child\" data-id=\"28f8892\" data-element_type=\"container\" data-e-type=\"container\" data-settings=\"{&quot;_ha_eqh_enable&quot;:false}\">\n\t\t\t\t\t<div class=\"e-con-inner\">\n\t\t\t\t<div class=\"elementor-element elementor-element-4ed8732 elementor-widget elementor-widget-image\" data-id=\"4ed8732\" data-element_type=\"widget\" data-e-type=\"widget\" data-widget_type=\"image.default\">\n\t\t\t\t<div class=\"elementor-widget-container\">\n\t\t\t\t\t\t\t\t\t\t\t\t\t\t\t<img decoding=\"async\" width=\"1620\" height=\"736\" src=\"https:\/\/prueba.csgabriel.edu.ec\/wp-content\/uploads\/2026\/02\/me-mninos3-1.jpg\" class=\"attachment-full size-full wp-image-48054\" alt=\"\" srcset=\"https:\/\/prueba.csgabriel.edu.ec\/wp-content\/uploads\/2026\/02\/me-mninos3-1.jpg 1620w, https:\/\/prueba.csgabriel.edu.ec\/wp-content\/uploads\/2026\/02\/me-mninos3-1-300x136.jpg 300w, https:\/\/prueba.csgabriel.edu.ec\/wp-content\/uploads\/2026\/02\/me-mninos3-1-1024x465.jpg 1024w, https:\/\/prueba.csgabriel.edu.ec\/wp-content\/uploads\/2026\/02\/me-mninos3-1-768x349.jpg 768w, https:\/\/prueba.csgabriel.edu.ec\/wp-content\/uploads\/2026\/02\/me-mninos3-1-1536x698.jpg 1536w\" sizes=\"(max-width: 1620px) 100vw, 1620px\" \/>\t\t\t\t\t\t\t\t\t\t\t\t\t\t\t<\/div>\n\t\t\t\t<\/div>\n\t\t\t\t\t<\/div>\n\t\t\t\t<\/div>\n\t\t\t\t\t\t\t\t<\/div>\n\t\t\t\t\t\t\t\t\t\t\t<div class=\"swiper-slide\" data-slide=\"4\" role=\"group\" aria-roledescription=\"slide\" aria-label=\"4 of 5\">\n\t\t\t\t\t\t\t<div class=\"elementor-element elementor-element-e3d6937 e-flex e-con-boxed e-con e-child\" data-id=\"e3d6937\" data-element_type=\"container\" data-e-type=\"container\" data-settings=\"{&quot;_ha_eqh_enable&quot;:false}\">\n\t\t\t\t\t<div class=\"e-con-inner\">\n\t\t\t\t<div class=\"elementor-element elementor-element-36cc653 elementor-widget elementor-widget-image\" data-id=\"36cc653\" data-element_type=\"widget\" data-e-type=\"widget\" data-widget_type=\"image.default\">\n\t\t\t\t<div class=\"elementor-widget-container\">\n\t\t\t\t\t\t\t\t\t\t\t\t\t\t\t<img loading=\"lazy\" decoding=\"async\" width=\"2560\" height=\"1164\" src=\"https:\/\/prueba.csgabriel.edu.ec\/wp-content\/uploads\/2026\/02\/mej_ninos6-scaled.jpg\" class=\"attachment-full size-full wp-image-48055\" alt=\"\" srcset=\"https:\/\/prueba.csgabriel.edu.ec\/wp-content\/uploads\/2026\/02\/mej_ninos6-scaled.jpg 2560w, https:\/\/prueba.csgabriel.edu.ec\/wp-content\/uploads\/2026\/02\/mej_ninos6-300x136.jpg 300w, https:\/\/prueba.csgabriel.edu.ec\/wp-content\/uploads\/2026\/02\/mej_ninos6-1024x465.jpg 1024w, https:\/\/prueba.csgabriel.edu.ec\/wp-content\/uploads\/2026\/02\/mej_ninos6-768x349.jpg 768w, https:\/\/prueba.csgabriel.edu.ec\/wp-content\/uploads\/2026\/02\/mej_ninos6-1536x698.jpg 1536w, https:\/\/prueba.csgabriel.edu.ec\/wp-content\/uploads\/2026\/02\/mej_ninos6-2048x931.jpg 2048w\" sizes=\"(max-width: 2560px) 100vw, 2560px\" \/>\t\t\t\t\t\t\t\t\t\t\t\t\t\t\t<\/div>\n\t\t\t\t<\/div>\n\t\t\t\t\t<\/div>\n\t\t\t\t<\/div>\n\t\t\t\t\t\t\t\t<\/div>\n\t\t\t\t\t\t\t\t\t\t\t<div class=\"swiper-slide\" data-slide=\"5\" role=\"group\" aria-roledescription=\"slide\" aria-label=\"5 of 5\">\n\t\t\t\t\t\t\t<div class=\"elementor-element elementor-element-01d5ee9 e-flex e-con-boxed e-con e-child\" data-id=\"01d5ee9\" data-element_type=\"container\" data-e-type=\"container\" data-settings=\"{&quot;_ha_eqh_enable&quot;:false}\">\n\t\t\t\t\t<div class=\"e-con-inner\">\n\t\t\t\t<div class=\"elementor-element elementor-element-a5f807a elementor-widget elementor-widget-image\" data-id=\"a5f807a\" data-element_type=\"widget\" data-e-type=\"widget\" data-widget_type=\"image.default\">\n\t\t\t\t<div class=\"elementor-widget-container\">\n\t\t\t\t\t\t\t\t\t\t\t\t\t\t\t<img loading=\"lazy\" decoding=\"async\" width=\"2048\" height=\"931\" src=\"https:\/\/prueba.csgabriel.edu.ec\/wp-content\/uploads\/2026\/02\/Mej-Ninos3.jpg\" class=\"attachment-full size-full wp-image-48058\" alt=\"\" srcset=\"https:\/\/prueba.csgabriel.edu.ec\/wp-content\/uploads\/2026\/02\/Mej-Ninos3.jpg 2048w, https:\/\/prueba.csgabriel.edu.ec\/wp-content\/uploads\/2026\/02\/Mej-Ninos3-300x136.jpg 300w, https:\/\/prueba.csgabriel.edu.ec\/wp-content\/uploads\/2026\/02\/Mej-Ninos3-1024x466.jpg 1024w, https:\/\/prueba.csgabriel.edu.ec\/wp-content\/uploads\/2026\/02\/Mej-Ninos3-768x349.jpg 768w, https:\/\/prueba.csgabriel.edu.ec\/wp-content\/uploads\/2026\/02\/Mej-Ninos3-1536x698.jpg 1536w\" sizes=\"(max-width: 2048px) 100vw, 2048px\" \/>\t\t\t\t\t\t\t\t\t\t\t\t\t\t\t<\/div>\n\t\t\t\t<\/div>\n\t\t\t\t\t<\/div>\n\t\t\t\t<\/div>\n\t\t\t\t\t\t\t\t<\/div>\n\t\t\t\t\t\t\t\t<\/div>\n\t\t<\/div>\n\t\t\t\t\t<div class=\"elementor-swiper-button elementor-swiper-button-prev\" role=\"button\" tabindex=\"0\" aria-label=\"Previous\">\n\t\t\t\t<i aria-hidden=\"true\" class=\"eicon-chevron-left\"><\/i>\t\t\t<\/div>\n\t\t\t<div class=\"elementor-swiper-button elementor-swiper-button-next\" role=\"button\" tabindex=\"0\" aria-label=\"Next\">\n\t\t\t\t<i aria-hidden=\"true\" class=\"eicon-chevron-right\"><\/i>\t\t\t<\/div>\n\t\t\t\t\t\t<\/div>\n\t\t\t\t<\/div>\n\t\t\t\t<\/div>\n\t\t<div class=\"elementor-element elementor-element-1756d83 e-con-full e-flex e-con e-parent\" data-id=\"1756d83\" data-element_type=\"container\" data-e-type=\"container\" data-settings=\"{&quot;_ha_eqh_enable&quot;:false}\">\n\t\t\t\t<div class=\"elementor-element elementor-element-6b00926 elementor-widget__width-initial elementor-widget elementor-widget-text-editor\" data-id=\"6b00926\" data-element_type=\"widget\" data-e-type=\"widget\" data-widget_type=\"text-editor.default\">\n\t\t\t\t<div class=\"elementor-widget-container\">\n\t\t\t\t\t\t\t\t\t<p>Es un espacio de crecimiento espiritual inspirado en la espiritualidad ignaciana, donde los m\u00e1s peque\u00f1os aprenden a reconocer a Jes\u00fas presente en la\u00a0Eucarist\u00eda y en la vida cotidiana. A trav\u00e9s de momentos de oraci\u00f3n, din\u00e1micas\u00a0comunitarias y peque\u00f1as experiencias de servicio, los ni\u00f1os desarrollan una fe\u00a0alegre, cercana y comprometida, propia del carisma gabrielino.<\/p>\t\t\t\t\t\t\t\t<\/div>\n\t\t\t\t<\/div>\n\t\t\t\t<\/div>\n\t\t<div class=\"elementor-element elementor-element-d85f922 e-con-full e-flex e-con e-parent\" data-id=\"d85f922\" data-element_type=\"container\" data-e-type=\"container\" data-settings=\"{&quot;_ha_eqh_enable&quot;:false}\">\n\t\t\t\t<div class=\"elementor-element elementor-element-3543289 elementor-widget__width-initial elementor-widget elementor-widget-text-editor\" data-id=\"3543289\" data-element_type=\"widget\" data-e-type=\"widget\" data-widget_type=\"text-editor.default\">\n\t\t\t\t<div class=\"elementor-widget-container\">\n\t\t\t\t\t\t\t\t\t<p><strong>Este proceso busca formar corazones sensibles,\u00a0<\/strong><strong>atentos a la voz de Dios y abiertos a servir a los\u00a0<\/strong><strong>dem\u00e1s, integrando la oraci\u00f3n, la amistad y la\u00a0<\/strong><strong>acci\u00f3n como caminos para crecer en el amor a\u00a0<\/strong><strong>Cristo.<\/strong><\/p>\t\t\t\t\t\t\t\t<\/div>\n\t\t\t\t<\/div>\n\t\t\t\t<\/div>\n\t\t\t\t<\/div>\n\t\t","protected":false},"excerpt":{"rendered":"<p>Inicio MEJ &#8211; Ni\u00f1os Es un espacio de crecimiento espiritual inspirado en la espiritualidad ignaciana, donde los m\u00e1s peque\u00f1os aprenden a reconocer a Jes\u00fas presente en la\u00a0Eucarist\u00eda y en la vida cotidiana. A trav\u00e9s de momentos de oraci\u00f3n, din\u00e1micas\u00a0comunitarias y peque\u00f1as experiencias de servicio, los ni\u00f1os desarrollan una fe\u00a0alegre, cercana y comprometida, propia del carisma [&hellip;]<\/p>\n","protected":false},"author":12,"featured_media":0,"parent":0,"menu_order":0,"comment_status":"closed","ping_status":"closed","template":"","meta":{"footnotes":""},"class_list":["post-47551","page","type-page","status-publish","hentry"],"_links":{"self":[{"href":"https:\/\/prueba.csgabriel.edu.ec\/en\/wp-json\/wp\/v2\/pages\/47551","targetHints":{"allow":["GET"]}}],"collection":[{"href":"https:\/\/prueba.csgabriel.edu.ec\/en\/wp-json\/wp\/v2\/pages"}],"about":[{"href":"https:\/\/prueba.csgabriel.edu.ec\/en\/wp-json\/wp\/v2\/types\/page"}],"author":[{"embeddable":true,"href":"https:\/\/prueba.csgabriel.edu.ec\/en\/wp-json\/wp\/v2\/users\/12"}],"replies":[{"embeddable":true,"href":"https:\/\/prueba.csgabriel.edu.ec\/en\/wp-json\/wp\/v2\/comments?post=47551"}],"version-history":[{"count":26,"href":"https:\/\/prueba.csgabriel.edu.ec\/en\/wp-json\/wp\/v2\/pages\/47551\/revisions"}],"predecessor-version":[{"id":48730,"href":"https:\/\/prueba.csgabriel.edu.ec\/en\/wp-json\/wp\/v2\/pages\/47551\/revisions\/48730"}],"wp:attachment":[{"href":"https:\/\/prueba.csgabriel.edu.ec\/en\/wp-json\/wp\/v2\/media?parent=47551"}],"curies":[{"name":"wp","href":"https:\/\/api.w.org\/{rel}","templated":true}]}}