{"id":41307,"date":"2026-01-12T07:21:12","date_gmt":"2026-01-12T12:21:12","guid":{"rendered":"https:\/\/prueba.csgabriel.edu.ec\/?page_id=41307"},"modified":"2026-03-05T07:58:05","modified_gmt":"2026-03-05T12:58:05","slug":"contacto","status":"publish","type":"page","link":"https:\/\/prueba.csgabriel.edu.ec\/en\/contacto\/","title":{"rendered":"Contact"},"content":{"rendered":"\t\t<div data-elementor-type=\"wp-page\" data-elementor-id=\"41307\" class=\"elementor elementor-41307\" data-elementor-settings=\"{&quot;ha_cmc_init_switcher&quot;:&quot;no&quot;}\" data-elementor-post-type=\"page\">\n\t\t\t\t<div class=\"elementor-element elementor-element-08aefdd e-con-full e-flex e-con e-parent\" data-id=\"08aefdd\" data-element_type=\"container\" data-e-type=\"container\" data-settings=\"{&quot;_ha_eqh_enable&quot;:false}\">\n\t\t\t\t<div class=\"elementor-element elementor-element-5d2f640 elementor-widget__width-inherit elementor-widget elementor-widget-image\" data-id=\"5d2f640\" data-element_type=\"widget\" data-e-type=\"widget\" data-widget_type=\"image.default\">\n\t\t\t\t<div class=\"elementor-widget-container\">\n\t\t\t\t\t\t\t\t\t\t\t\t\t\t\t<img fetchpriority=\"high\" decoding=\"async\" width=\"2560\" height=\"1475\" src=\"https:\/\/prueba.csgabriel.edu.ec\/wp-content\/uploads\/2026\/02\/EDIT-FOTO1-scaled.jpg\" class=\"attachment-full size-full wp-image-49122\" alt=\"\" srcset=\"https:\/\/prueba.csgabriel.edu.ec\/wp-content\/uploads\/2026\/02\/EDIT-FOTO1-scaled.jpg 2560w, https:\/\/prueba.csgabriel.edu.ec\/wp-content\/uploads\/2026\/02\/EDIT-FOTO1-300x173.jpg 300w, https:\/\/prueba.csgabriel.edu.ec\/wp-content\/uploads\/2026\/02\/EDIT-FOTO1-1024x590.jpg 1024w, https:\/\/prueba.csgabriel.edu.ec\/wp-content\/uploads\/2026\/02\/EDIT-FOTO1-768x443.jpg 768w, https:\/\/prueba.csgabriel.edu.ec\/wp-content\/uploads\/2026\/02\/EDIT-FOTO1-1536x885.jpg 1536w, https:\/\/prueba.csgabriel.edu.ec\/wp-content\/uploads\/2026\/02\/EDIT-FOTO1-2048x1180.jpg 2048w, https:\/\/prueba.csgabriel.edu.ec\/wp-content\/uploads\/2026\/02\/EDIT-FOTO1-18x10.jpg 18w\" sizes=\"(max-width: 2560px) 100vw, 2560px\" \/>\t\t\t\t\t\t\t\t\t\t\t\t\t\t\t<\/div>\n\t\t\t\t<\/div>\n\t\t\t\t<\/div>\n\t\t<div class=\"elementor-element elementor-element-852a135 e-con-full e-flex e-con e-parent\" data-id=\"852a135\" data-element_type=\"container\" data-e-type=\"container\" data-settings=\"{&quot;_ha_eqh_enable&quot;:false}\">\n\t\t\t\t<div class=\"elementor-element elementor-element-5db3433 elementor-widget elementor-widget-hfe-breadcrumbs-widget\" data-id=\"5db3433\" data-element_type=\"widget\" data-e-type=\"widget\" data-widget_type=\"hfe-breadcrumbs-widget.default\">\n\t\t\t\t<div class=\"elementor-widget-container\">\n\t\t\t\t\t<nav aria-label=\"Breadcrumb\"><ul class=\"hfe-breadcrumbs hfe-breadcrumbs-show-home\"><li class=\"hfe-breadcrumbs-item hfe-breadcrumbs-first\"><span class=\"hfe-breadcrumbs-home-icon\"><\/span><a href=\"https:\/\/prueba.csgabriel.edu.ec\/en\"><span class=\"hfe-breadcrumbs-text\">Inicio<\/span><\/a><\/li><\/ul><\/nav>\t\t\t\t<\/div>\n\t\t\t\t<\/div>\n\t\t\t\t<\/div>\n\t\t<div class=\"elementor-element elementor-element-a945863 e-con-full e-flex e-con e-parent\" data-id=\"a945863\" data-element_type=\"container\" data-e-type=\"container\" data-settings=\"{&quot;_ha_eqh_enable&quot;:false}\">\n\t\t<div class=\"elementor-element elementor-element-5316ea3 e-con-full e-flex e-con e-child\" data-id=\"5316ea3\" data-element_type=\"container\" data-e-type=\"container\" data-settings=\"{&quot;_ha_eqh_enable&quot;:false}\">\n\t\t\t\t<div class=\"elementor-element elementor-element-5337d5c eael-wpforms-labels-yes eael-wpforms-form-button-custom elementor-widget elementor-widget-eael-wpforms\" data-id=\"5337d5c\" data-element_type=\"widget\" data-e-type=\"widget\" data-widget_type=\"eael-wpforms.default\">\n\t\t\t\t<div class=\"elementor-widget-container\">\n\t\t\t\t\t            <div class=\"eael-contact-form eael-wpforms eael-wpforms-align-default\">\n                                <div class=\"wpforms-container wpforms-container-full wpforms-render-modern\" id=\"wpforms-41414\"><form id=\"wpforms-form-41414\" class=\"wpforms-validate wpforms-form wpforms-ajax-form\" data-formid=\"41414\" method=\"post\" enctype=\"multipart\/form-data\" action=\"\/en\/wp-json\/wp\/v2\/pages\/41307\" data-token=\"0efba79e587bdea03ea5ba406ad87be9\" data-token-time=\"1777603634\"><noscript class=\"wpforms-error-noscript\">Please enable JavaScript in your browser to complete this form.<\/noscript><div id=\"wpforms-error-noscript\" style=\"display: none;\">Please enable JavaScript in your browser to complete this form.<\/div><div class=\"wpforms-field-container\">\t\t<div id=\"wpforms-41414-field_1-container\"\n\t\t\tclass=\"wpforms-field wpforms-field-text\"\n\t\t\tdata-field-type=\"text\"\n\t\t\tdata-field-id=\"1\"\n\t\t\t>\n\t\t\t<label class=\"wpforms-field-label\" for=\"wpforms-41414-field_1\" >de mensaje electr\u00f3nico<\/label>\n\t\t\t<input type=\"text\" id=\"wpforms-41414-field_1\" class=\"wpforms-field-medium\" name=\"wpforms[fields][1]\" >\n\t\t<\/div>\n\t\t<div id=\"wpforms-41414-field_6-container\" class=\"wpforms-field wpforms-field-text\" data-field-id=\"6\"><label class=\"wpforms-field-label\" for=\"wpforms-41414-field_6\">Nombre <span class=\"wpforms-required-label\" aria-hidden=\"true\">*<\/span><\/label><input type=\"text\" id=\"wpforms-41414-field_6\" class=\"wpforms-field-medium wpforms-field-required\" name=\"wpforms[fields][6]\" aria-errormessage=\"wpforms-41414-field_6-error\" required><\/div><div id=\"wpforms-41414-field_7-container\" class=\"wpforms-field wpforms-field-text\" data-field-id=\"7\"><label class=\"wpforms-field-label\" for=\"wpforms-41414-field_7\">Apellido <span class=\"wpforms-required-label\" aria-hidden=\"true\">*<\/span><\/label><input type=\"text\" id=\"wpforms-41414-field_7\" class=\"wpforms-field-medium wpforms-field-required\" name=\"wpforms[fields][7]\" aria-errormessage=\"wpforms-41414-field_7-error\" required><\/div><div id=\"wpforms-41414-field_2-container\" class=\"wpforms-field wpforms-field-email\" data-field-id=\"2\"><label class=\"wpforms-field-label\" for=\"wpforms-41414-field_2\">Correo electr\u00f3nico <span class=\"wpforms-required-label\" aria-hidden=\"true\">*<\/span><\/label><input type=\"email\" id=\"wpforms-41414-field_2\" class=\"wpforms-field-medium wpforms-field-required\" name=\"wpforms[fields][2]\" spellcheck=\"false\" aria-errormessage=\"wpforms-41414-field_2-error\" required><\/div><div id=\"wpforms-41414-field_11-container\" class=\"wpforms-field wpforms-field-number\" data-field-id=\"11\"><label class=\"wpforms-field-label\" for=\"wpforms-41414-field_11\">Tel\u00e9fono <span class=\"wpforms-required-label\" aria-hidden=\"true\">*<\/span><\/label><input type=\"number\" id=\"wpforms-41414-field_11\" class=\"wpforms-field-medium wpforms-field-required\" name=\"wpforms[fields][11]\" step=\"any\" aria-errormessage=\"wpforms-41414-field_11-error\" required><\/div><div id=\"wpforms-41414-field_3-container\" class=\"wpforms-field wpforms-field-textarea\" data-field-id=\"3\"><label class=\"wpforms-field-label\" for=\"wpforms-41414-field_3\">Tu mensaje<\/label><textarea id=\"wpforms-41414-field_3\" class=\"wpforms-field-medium\" name=\"wpforms[fields][3]\" aria-errormessage=\"wpforms-41414-field_3-error\" ><\/textarea><\/div><div id=\"wpforms-41414-field_12-container\" class=\"wpforms-field wpforms-field-checkbox\" data-field-id=\"12\"><fieldset><legend class=\"wpforms-field-label wpforms-label-hide\" aria-hidden=\"false\">Casillas de verificaci\u00f3n <span class=\"wpforms-required-label\" aria-hidden=\"true\">*<\/span><\/legend><ul id=\"wpforms-41414-field_12\" class=\"wpforms-field-required\"><li class=\"choice-1 depth-1\"><input type=\"checkbox\" id=\"wpforms-41414-field_12_1\" name=\"wpforms[fields][12][]\" value=\"Acepto la &lt;a href=&quot;https:\/\/prueba.csgabriel.edu.ec\/wp-content\/uploads\/2026\/01\/PAPD03-Politica-de-Privacidad.pdf&quot; rel=&quot;nofollow&quot; target=&quot;_blank&quot;&gt;Pol\u00edtica de privacidad&lt;\/a&gt;\" aria-errormessage=\"wpforms-41414-field_12_1-error\" required ><label class=\"wpforms-field-label-inline\" for=\"wpforms-41414-field_12_1\">Acepto la <a href=\"https:\/\/prueba.csgabriel.edu.ec\/wp-content\/uploads\/2026\/01\/PAPD03-Politica-de-Privacidad.pdf\" rel=\"nofollow\" target=\"_blank\">Pol\u00edtica de privacidad<\/a><\/label><\/li><\/ul><\/fieldset><\/div><script>\n\t\t\t\t( function() {\n\t\t\t\t\tconst style = document.createElement( 'style' );\n\t\t\t\t\tstyle.appendChild( document.createTextNode( '#wpforms-41414-field_1-container { position: absolute !important; overflow: hidden !important; display: inline !important; height: 1px !important; width: 1px !important; z-index: -1000 !important; padding: 0 !important; } #wpforms-41414-field_1-container input { visibility: hidden; } #wpforms-conversational-form-page #wpforms-41414-field_1-container label { counter-increment: none; }' ) );\n\t\t\t\t\tdocument.head.appendChild( style );\n\t\t\t\t\tdocument.currentScript?.remove();\n\t\t\t\t} )();\n\t\t\t<\/script><\/div><!-- .wpforms-field-container --><div class=\"wpforms-submit-container\" ><input type=\"hidden\" name=\"wpforms[id]\" value=\"41414\"><input type=\"hidden\" name=\"page_title\" value=\"\"><input type=\"hidden\" name=\"page_url\" value=\"https:\/\/prueba.csgabriel.edu.ec\/en\/wp-json\/wp\/v2\/pages\/41307\"><input type=\"hidden\" name=\"url_referer\" value=\"\"><button type=\"submit\" name=\"wpforms[submit]\" id=\"wpforms-submit-41414\" class=\"wpforms-submit\" data-alt-text=\"Enviando...\" data-submit-text=\"Enviar\" aria-live=\"assertive\" value=\"wpforms-submit\">Enviar<\/button><img decoding=\"async\" src=\"https:\/\/prueba.csgabriel.edu.ec\/wp-content\/plugins\/wpforms-lite\/assets\/images\/submit-spin.svg\" class=\"wpforms-submit-spinner\" style=\"display: none;\" width=\"26\" height=\"26\" alt=\"Loading\"><\/div><\/form><\/div>  <!-- .wpforms-container -->            <\/div>\n\t\t\t\t<\/div>\n\t\t\t\t<\/div>\n\t\t\t\t<\/div>\n\t\t<div class=\"elementor-element elementor-element-cb71579 e-con-full e-flex e-con e-child\" data-id=\"cb71579\" data-element_type=\"container\" data-e-type=\"container\" data-settings=\"{&quot;_ha_eqh_enable&quot;:false}\">\n\t\t\t\t<div class=\"elementor-element elementor-element-76ebabd elementor-widget elementor-widget-heading\" data-id=\"76ebabd\" data-element_type=\"widget\" data-e-type=\"widget\" data-widget_type=\"heading.default\">\n\t\t\t\t<div class=\"elementor-widget-container\">\n\t\t\t\t\t<h2 class=\"elementor-heading-title elementor-size-default\">Cont\u00e1ctanos<\/h2>\t\t\t\t<\/div>\n\t\t\t\t<\/div>\n\t\t\t\t<div class=\"elementor-element elementor-element-d7abbcd elementor-widget__width-initial elementor-widget elementor-widget-text-editor\" data-id=\"d7abbcd\" data-element_type=\"widget\" data-e-type=\"widget\" data-widget_type=\"text-editor.default\">\n\t\t\t\t<div class=\"elementor-widget-container\">\n\t\t\t\t\t\t\t\t\t<p>En la Unidad Educativa Particular San Gabriel\u00a0creemos que la educaci\u00f3n es un camino de crecimiento integral, y estamos aqu\u00ed para\u00a0acompa\u00f1arle en cada paso.<\/p>\t\t\t\t\t\t\t\t<\/div>\n\t\t\t\t<\/div>\n\t\t<div class=\"elementor-element elementor-element-d0ad2ce e-con-full e-flex e-con e-child\" data-id=\"d0ad2ce\" data-element_type=\"container\" data-e-type=\"container\" data-settings=\"{&quot;_ha_eqh_enable&quot;:false}\">\n\t\t<div class=\"elementor-element elementor-element-8a36631 e-con-full e-flex e-con e-child\" data-id=\"8a36631\" data-element_type=\"container\" data-e-type=\"container\" data-settings=\"{&quot;_ha_eqh_enable&quot;:false}\">\n\t\t\t\t<div class=\"elementor-element elementor-element-024a50b elementor-position-inline-start elementor-mobile-position-inline-start elementor-view-default elementor-widget elementor-widget-icon-box\" data-id=\"024a50b\" data-element_type=\"widget\" data-e-type=\"widget\" data-widget_type=\"icon-box.default\">\n\t\t\t\t<div class=\"elementor-widget-container\">\n\t\t\t\t\t\t\t<div class=\"elementor-icon-box-wrapper\">\n\n\t\t\t\t\t\t<div class=\"elementor-icon-box-icon\">\n\t\t\t\t<span  class=\"elementor-icon\">\n\t\t\t\t<i aria-hidden=\"true\" class=\"fas fa-phone-alt\"><\/i>\t\t\t\t<\/span>\n\t\t\t<\/div>\n\t\t\t\n\t\t\t\t\t\t<div class=\"elementor-icon-box-content\">\n\n\t\t\t\t\n\t\t\t\t\t\t\t\t\t<p class=\"elementor-icon-box-description\">\n\t\t\t\t\t\t(02) 2 255 393\t\t\t\t\t<\/p>\n\t\t\t\t\n\t\t\t<\/div>\n\t\t\t\n\t\t<\/div>\n\t\t\t\t\t\t<\/div>\n\t\t\t\t<\/div>\n\t\t\t\t<\/div>\n\t\t<div class=\"elementor-element elementor-element-ba475a6 e-con-full e-flex e-con e-child\" data-id=\"ba475a6\" data-element_type=\"container\" data-e-type=\"container\" data-settings=\"{&quot;_ha_eqh_enable&quot;:false}\">\n\t\t\t\t<div class=\"elementor-element elementor-element-36731d1 elementor-position-inline-start elementor-widget-laptop__width-initial elementor-mobile-position-inline-start elementor-view-default elementor-widget elementor-widget-icon-box\" data-id=\"36731d1\" data-element_type=\"widget\" data-e-type=\"widget\" data-widget_type=\"icon-box.default\">\n\t\t\t\t<div class=\"elementor-widget-container\">\n\t\t\t\t\t\t\t<div class=\"elementor-icon-box-wrapper\">\n\n\t\t\t\t\t\t<div class=\"elementor-icon-box-icon\">\n\t\t\t\t<span  class=\"elementor-icon\">\n\t\t\t\t<i aria-hidden=\"true\" class=\"huge huge-mail-01\"><\/i>\t\t\t\t<\/span>\n\t\t\t<\/div>\n\t\t\t\n\t\t\t\t\t\t<div class=\"elementor-icon-box-content\">\n\n\t\t\t\t\n\t\t\t\t\t\t\t\t\t<p class=\"elementor-icon-box-description\">\n\t\t\t\t\t\tcontacto@csgabriel.edu.ec\t\t\t\t\t<\/p>\n\t\t\t\t\n\t\t\t<\/div>\n\t\t\t\n\t\t<\/div>\n\t\t\t\t\t\t<\/div>\n\t\t\t\t<\/div>\n\t\t\t\t<\/div>\n\t\t<div class=\"elementor-element elementor-element-00a05f1 e-con-full e-flex e-con e-child\" data-id=\"00a05f1\" data-element_type=\"container\" data-e-type=\"container\" data-settings=\"{&quot;_ha_eqh_enable&quot;:false}\">\n\t\t\t\t<div class=\"elementor-element elementor-element-30eedc0 elementor-position-inline-start elementor-mobile-position-inline-start elementor-view-default elementor-widget elementor-widget-icon-box\" data-id=\"30eedc0\" data-element_type=\"widget\" data-e-type=\"widget\" data-widget_type=\"icon-box.default\">\n\t\t\t\t<div class=\"elementor-widget-container\">\n\t\t\t\t\t\t\t<div class=\"elementor-icon-box-wrapper\">\n\n\t\t\t\t\t\t<div class=\"elementor-icon-box-icon\">\n\t\t\t\t<span  class=\"elementor-icon\">\n\t\t\t\t<i aria-hidden=\"true\" class=\"fas fa-pager\"><\/i>\t\t\t\t<\/span>\n\t\t\t<\/div>\n\t\t\t\n\t\t\t\t\t\t<div class=\"elementor-icon-box-content\">\n\n\t\t\t\t\n\t\t\t\t\t\t\t\t\t<p class=\"elementor-icon-box-description\">\n\t\t\t\t\t\twww.csgabriel.edu.ec\t\t\t\t\t<\/p>\n\t\t\t\t\n\t\t\t<\/div>\n\t\t\t\n\t\t<\/div>\n\t\t\t\t\t\t<\/div>\n\t\t\t\t<\/div>\n\t\t\t\t<\/div>\n\t\t<div class=\"elementor-element elementor-element-2022d42 e-con-full e-flex e-con e-child\" data-id=\"2022d42\" data-element_type=\"container\" data-e-type=\"container\" data-settings=\"{&quot;_ha_eqh_enable&quot;:false}\">\n\t\t\t\t<div class=\"elementor-element elementor-element-199f401 elementor-position-inline-start elementor-widget-laptop__width-initial elementor-mobile-position-inline-start elementor-view-default elementor-widget elementor-widget-icon-box\" data-id=\"199f401\" data-element_type=\"widget\" data-e-type=\"widget\" data-widget_type=\"icon-box.default\">\n\t\t\t\t<div class=\"elementor-widget-container\">\n\t\t\t\t\t\t\t<div class=\"elementor-icon-box-wrapper\">\n\n\t\t\t\t\t\t<div class=\"elementor-icon-box-icon\">\n\t\t\t\t<span  class=\"elementor-icon\">\n\t\t\t\t<i aria-hidden=\"true\" class=\"huge huge-location-04\"><\/i>\t\t\t\t<\/span>\n\t\t\t<\/div>\n\t\t\t\n\t\t\t\t\t\t<div class=\"elementor-icon-box-content\">\n\n\t\t\t\t\n\t\t\t\t\t\t\t\t\t<p class=\"elementor-icon-box-description\">\n\t\t\t\t\t\tAv. Am\u00e9rica N32-151 y\nMariana de Jes\u00fas.\nQuito - Ecuador\t\t\t\t\t<\/p>\n\t\t\t\t\n\t\t\t<\/div>\n\t\t\t\n\t\t<\/div>\n\t\t\t\t\t\t<\/div>\n\t\t\t\t<\/div>\n\t\t\t\t<\/div>\n\t\t\t\t<\/div>\n\t\t\t\t<div class=\"elementor-element elementor-element-b136151 elementor-widget elementor-widget-heading\" data-id=\"b136151\" data-element_type=\"widget\" data-e-type=\"widget\" data-widget_type=\"heading.default\">\n\t\t\t\t<div class=\"elementor-widget-container\">\n\t\t\t\t\t<h2 class=\"elementor-heading-title elementor-size-default\">S\u00edguenos en<\/h2>\t\t\t\t<\/div>\n\t\t\t\t<\/div>\n\t\t\t\t<div class=\"elementor-element elementor-element-825cb24 e-grid-align-left elementor-shape-rounded elementor-grid-0 elementor-widget elementor-widget-social-icons\" data-id=\"825cb24\" data-element_type=\"widget\" data-e-type=\"widget\" data-widget_type=\"social-icons.default\">\n\t\t\t\t<div class=\"elementor-widget-container\">\n\t\t\t\t\t\t\t<div class=\"elementor-social-icons-wrapper elementor-grid\" role=\"list\">\n\t\t\t\t\t\t\t<span class=\"elementor-grid-item\" role=\"listitem\">\n\t\t\t\t\t<a class=\"elementor-icon elementor-social-icon elementor-social-icon-huge-facebook-02 elementor-animation-shrink elementor-repeater-item-c7cc301\" href=\"https:\/\/www.facebook.com\/colegiosangabrielquito\" target=\"_blank\">\n\t\t\t\t\t\t<span class=\"elementor-screen-only\">Huge-facebook-02<\/span>\n\t\t\t\t\t\t<i aria-hidden=\"true\" class=\"huge huge-facebook-02\"><\/i>\t\t\t\t\t<\/a>\n\t\t\t\t<\/span>\n\t\t\t\t\t\t\t<span class=\"elementor-grid-item\" role=\"listitem\">\n\t\t\t\t\t<a class=\"elementor-icon elementor-social-icon elementor-social-icon-instagram elementor-animation-shrink elementor-repeater-item-393b5d1\" href=\"https:\/\/www.instagram.com\/colegiosangabrielquito?utm_source=ig_web_button_share_sheet&#038;igsh=ZDNlZDc0MzIxNw==\" target=\"_blank\">\n\t\t\t\t\t\t<span class=\"elementor-screen-only\">Instagram<\/span>\n\t\t\t\t\t\t<i aria-hidden=\"true\" class=\"fab fa-instagram\"><\/i>\t\t\t\t\t<\/a>\n\t\t\t\t<\/span>\n\t\t\t\t\t\t\t<span class=\"elementor-grid-item\" role=\"listitem\">\n\t\t\t\t\t<a class=\"elementor-icon elementor-social-icon elementor-social-icon-tiktok elementor-animation-shrink elementor-repeater-item-7955d9f\" href=\"https:\/\/www.tiktok.com\/@csgabriel_ec?_r=1&#038;_t=ZS-93IBaOjp0t6\" target=\"_blank\">\n\t\t\t\t\t\t<span class=\"elementor-screen-only\">Tiktok<\/span>\n\t\t\t\t\t\t<i aria-hidden=\"true\" class=\"fab fa-tiktok\"><\/i>\t\t\t\t\t<\/a>\n\t\t\t\t<\/span>\n\t\t\t\t\t\t\t<span class=\"elementor-grid-item\" role=\"listitem\">\n\t\t\t\t\t<a class=\"elementor-icon elementor-social-icon elementor-social-icon-youtube elementor-animation-shrink elementor-repeater-item-f9b224d\" href=\"https:\/\/www.youtube.com\/channel\/UC0-sCzeJMjkF24__La7Pn8Q\" target=\"_blank\">\n\t\t\t\t\t\t<span class=\"elementor-screen-only\">Youtube<\/span>\n\t\t\t\t\t\t<i aria-hidden=\"true\" class=\"fab fa-youtube\"><\/i>\t\t\t\t\t<\/a>\n\t\t\t\t<\/span>\n\t\t\t\t\t<\/div>\n\t\t\t\t\t\t<\/div>\n\t\t\t\t<\/div>\n\t\t\t\t<\/div>\n\t\t\t\t<\/div>\n\t\t<div class=\"elementor-element elementor-element-a0346d0 e-con-full e-flex e-con e-parent\" data-id=\"a0346d0\" data-element_type=\"container\" data-e-type=\"container\" data-settings=\"{&quot;_ha_eqh_enable&quot;:false}\">\n\t\t\t\t<div class=\"elementor-element elementor-element-80a597e elementor-widget__width-initial elementor-widget elementor-widget-html\" data-id=\"80a597e\" data-element_type=\"widget\" data-e-type=\"widget\" data-widget_type=\"html.default\">\n\t\t\t\t<div class=\"elementor-widget-container\">\n\t\t\t\t\t<iframe \r\n  src=\"https:\/\/www.google.com\/maps\/embed?pb=!1m18!1m12!1m3!1d4732.6897975212705!2d-78.4989742243155!3d-0.18391488541624146!2m3!1f0!2f0!3f0!3m2!1i1024!2i768!4f8.5!3m3!1m2!1s0x91d59a6019e3250b%3A0xaf62767a02c1a67!2sColegio%20San%20Gabriel%20Quito%20-%20Unidad%20Educativa!5e1!3m2!1ses!2sec!4v1770036563913!5m2!1ses!2sec\"\r\n  height=\"450\"\r\n  style=\"border:0;\"\r\n  allowfullscreen=\"\"\r\n  loading=\"lazy\"\r\n  referrerpolicy=\"no-referrer-when-downgrade\">\r\n<\/iframe>\r\n\t\t\t\t<\/div>\n\t\t\t\t<\/div>\n\t\t\t\t<\/div>\n\t\t\t\t<\/div>\n\t\t","protected":false},"excerpt":{"rendered":"<p>Inicio Por favor, activa JavaScript en tu navegador para completar este formulario.Por favor, activa JavaScript en tu navegador para completar este formulario.Nombre *Apellido *Correo electr\u00f3nico *Tel\u00e9fono *Tu mensaje Casillas de verificaci\u00f3n * Acepto la Pol\u00edtica de privacidad Enviar Cont\u00e1ctanos En la Unidad Educativa Particular San Gabriel\u00a0creemos que la educaci\u00f3n es un camino de crecimiento integral, [&hellip;]<\/p>\n","protected":false},"author":12,"featured_media":0,"parent":0,"menu_order":0,"comment_status":"closed","ping_status":"closed","template":"","meta":{"footnotes":""},"class_list":["post-41307","page","type-page","status-publish","hentry"],"_links":{"self":[{"href":"https:\/\/prueba.csgabriel.edu.ec\/en\/wp-json\/wp\/v2\/pages\/41307","targetHints":{"allow":["GET"]}}],"collection":[{"href":"https:\/\/prueba.csgabriel.edu.ec\/en\/wp-json\/wp\/v2\/pages"}],"about":[{"href":"https:\/\/prueba.csgabriel.edu.ec\/en\/wp-json\/wp\/v2\/types\/page"}],"author":[{"embeddable":true,"href":"https:\/\/prueba.csgabriel.edu.ec\/en\/wp-json\/wp\/v2\/users\/12"}],"replies":[{"embeddable":true,"href":"https:\/\/prueba.csgabriel.edu.ec\/en\/wp-json\/wp\/v2\/comments?post=41307"}],"version-history":[{"count":202,"href":"https:\/\/prueba.csgabriel.edu.ec\/en\/wp-json\/wp\/v2\/pages\/41307\/revisions"}],"predecessor-version":[{"id":50036,"href":"https:\/\/prueba.csgabriel.edu.ec\/en\/wp-json\/wp\/v2\/pages\/41307\/revisions\/50036"}],"wp:attachment":[{"href":"https:\/\/prueba.csgabriel.edu.ec\/en\/wp-json\/wp\/v2\/media?parent=41307"}],"curies":[{"name":"wp","href":"https:\/\/api.w.org\/{rel}","templated":true}]}}