{"id":40753,"date":"2026-01-08T11:02:41","date_gmt":"2026-01-08T16:02:41","guid":{"rendered":"https:\/\/prueba.csgabriel.edu.ec\/?page_id=40753"},"modified":"2026-02-18T07:53:54","modified_gmt":"2026-02-18T12:53:54","slug":"bienvenida-del-rector","status":"publish","type":"page","link":"https:\/\/prueba.csgabriel.edu.ec\/en\/bienvenida-del-rector\/","title":{"rendered":"Principal\u2019s Welcome"},"content":{"rendered":"<div data-elementor-type=\"wp-page\" data-elementor-id=\"40753\" class=\"elementor elementor-40753\" data-elementor-settings=\"{&quot;ha_cmc_init_switcher&quot;:&quot;no&quot;}\" data-elementor-post-type=\"page\">\n\t\t\t\t<div class=\"elementor-element elementor-element-85adbd9 e-flex e-con-boxed e-con e-parent\" data-id=\"85adbd9\" data-element_type=\"container\" data-e-type=\"container\" data-settings=\"{&quot;background_background&quot;:&quot;classic&quot;,&quot;_ha_eqh_enable&quot;:false}\">\n\t\t\t\t\t<div class=\"e-con-inner\">\n\t\t\t\t<div class=\"elementor-element elementor-element-b49c72e elementor-widget elementor-widget-spacer\" data-id=\"b49c72e\" data-element_type=\"widget\" data-e-type=\"widget\" data-widget_type=\"spacer.default\">\n\t\t\t\t<div class=\"elementor-widget-container\">\n\t\t\t\t\t\t\t<div class=\"elementor-spacer\">\n\t\t\t<div class=\"elementor-spacer-inner\"><\/div>\n\t\t<\/div>\n\t\t\t\t\t\t<\/div>\n\t\t\t\t<\/div>\n\t\t\t\t\t<\/div>\n\t\t\t\t<\/div>\n\t\t<div class=\"elementor-element elementor-element-9a51062 e-con-full e-flex e-con e-parent\" data-id=\"9a51062\" data-element_type=\"container\" data-e-type=\"container\" data-settings=\"{&quot;_ha_eqh_enable&quot;:false}\">\n\t\t\t\t<div class=\"elementor-element elementor-element-467d644 elementor-nav-menu--dropdown-none elementor-widget__width-initial elementor-widget-mobile__width-initial elementor-nav-menu__align-center elementor-widget elementor-widget-nav-menu\" data-id=\"467d644\" data-element_type=\"widget\" data-e-type=\"widget\" data-settings=\"{&quot;submenu_icon&quot;:{&quot;value&quot;:&quot;&lt;i class=\\&quot;\\&quot; aria-hidden=\\&quot;true\\&quot;&gt;&lt;\\\/i&gt;&quot;,&quot;library&quot;:&quot;&quot;},&quot;layout&quot;:&quot;horizontal&quot;}\" data-widget_type=\"nav-menu.default\">\n\t\t\t\t<div class=\"elementor-widget-container\">\n\t\t\t\t\t\t\t\t<nav aria-label=\"Men\u00fa\" class=\"elementor-nav-menu--main elementor-nav-menu__container elementor-nav-menu--layout-horizontal e--pointer-framed e--animation-fade\">\n\t\t\t\t<ul id=\"menu-1-467d644\" class=\"elementor-nav-menu\"><li class=\"menu-item menu-item-type-post_type menu-item-object-page menu-item-40761\"><a href=\"https:\/\/prueba.csgabriel.edu.ec\/en\/bienvenida-del-rector\/\" class=\"elementor-item\">Principal\u2019s Welcome<\/a><\/li>\n<li class=\"menu-item menu-item-type-post_type menu-item-object-page menu-item-40653\"><a href=\"https:\/\/prueba.csgabriel.edu.ec\/en\/mision-vision-y-valores\/\" class=\"elementor-item\">Mission, Vision and Values<\/a><\/li>\n<li class=\"menu-item menu-item-type-post_type menu-item-object-page menu-item-40003\"><a href=\"https:\/\/prueba.csgabriel.edu.ec\/en\/prodigio-de-la-dolorosa-2\/\" class=\"elementor-item\">Prodigy of Our Lady of Sorrows<\/a><\/li>\n<li class=\"menu-item menu-item-type-post_type menu-item-object-page menu-item-40006\"><a href=\"https:\/\/prueba.csgabriel.edu.ec\/en\/autoridades\/\" class=\"elementor-item\">Authorities<\/a><\/li>\n<li class=\"menu-item menu-item-type-post_type menu-item-object-page menu-item-42111\"><a href=\"https:\/\/prueba.csgabriel.edu.ec\/en\/documentos-institucionales\/\" class=\"elementor-item\">Institutional Documents<\/a><\/li>\n<\/ul>\t\t\t<\/nav>\n\t\t\t\t\t\t<nav class=\"elementor-nav-menu--dropdown elementor-nav-menu__container\" aria-hidden=\"true\">\n\t\t\t\t<ul id=\"menu-2-467d644\" class=\"elementor-nav-menu\"><li class=\"menu-item menu-item-type-post_type menu-item-object-page menu-item-40761\"><a href=\"https:\/\/prueba.csgabriel.edu.ec\/en\/bienvenida-del-rector\/\" class=\"elementor-item\" tabindex=\"-1\">Principal\u2019s Welcome<\/a><\/li>\n<li class=\"menu-item menu-item-type-post_type menu-item-object-page menu-item-40653\"><a href=\"https:\/\/prueba.csgabriel.edu.ec\/en\/mision-vision-y-valores\/\" class=\"elementor-item\" tabindex=\"-1\">Mission, Vision and Values<\/a><\/li>\n<li class=\"menu-item menu-item-type-post_type menu-item-object-page menu-item-40003\"><a href=\"https:\/\/prueba.csgabriel.edu.ec\/en\/prodigio-de-la-dolorosa-2\/\" class=\"elementor-item\" tabindex=\"-1\">Prodigy of Our Lady of Sorrows<\/a><\/li>\n<li class=\"menu-item menu-item-type-post_type menu-item-object-page menu-item-40006\"><a href=\"https:\/\/prueba.csgabriel.edu.ec\/en\/autoridades\/\" class=\"elementor-item\" tabindex=\"-1\">Authorities<\/a><\/li>\n<li class=\"menu-item menu-item-type-post_type menu-item-object-page menu-item-42111\"><a href=\"https:\/\/prueba.csgabriel.edu.ec\/en\/documentos-institucionales\/\" class=\"elementor-item\" tabindex=\"-1\">Institutional Documents<\/a><\/li>\n<\/ul>\t\t\t<\/nav>\n\t\t\t\t\t\t<\/div>\n\t\t\t\t<\/div>\n\t\t\t\t<\/div>\n\t\t<div class=\"elementor-element elementor-element-f3b1bf3 e-con-full e-flex e-con e-parent\" data-id=\"f3b1bf3\" data-element_type=\"container\" data-e-type=\"container\" data-settings=\"{&quot;_ha_eqh_enable&quot;:false}\">\n\t\t\t\t<div class=\"elementor-element elementor-element-fb07d44 elementor-widget elementor-widget-hfe-breadcrumbs-widget\" data-id=\"fb07d44\" data-element_type=\"widget\" data-e-type=\"widget\" data-widget_type=\"hfe-breadcrumbs-widget.default\">\n\t\t\t\t<div class=\"elementor-widget-container\">\n\t\t\t\t\t<nav aria-label=\"Breadcrumb\"><ul class=\"hfe-breadcrumbs hfe-breadcrumbs-show-home\"><li class=\"hfe-breadcrumbs-item hfe-breadcrumbs-first\"><span class=\"hfe-breadcrumbs-home-icon\"><\/span><a href=\"https:\/\/prueba.csgabriel.edu.ec\/en\"><span class=\"hfe-breadcrumbs-text\">Home<\/span><\/a><\/li><\/ul><\/nav>\t\t\t\t<\/div>\n\t\t\t\t<\/div>\n\t\t\t\t<\/div>\n\t\t<div class=\"elementor-element elementor-element-12228d2 e-con-full e-flex e-con e-parent\" data-id=\"12228d2\" data-element_type=\"container\" data-e-type=\"container\" data-settings=\"{&quot;background_background&quot;:&quot;classic&quot;,&quot;_ha_eqh_enable&quot;:false}\">\n\t\t\t\t<div class=\"elementor-element elementor-element-4bf763f elementor-widget elementor-widget-heading\" data-id=\"4bf763f\" data-element_type=\"widget\" data-e-type=\"widget\" data-widget_type=\"heading.default\">\n\t\t\t\t<div class=\"elementor-widget-container\">\n\t\t\t\t\t<h2 class=\"elementor-heading-title elementor-size-default\">Greetings from the Rector<\/h2>\t\t\t\t<\/div>\n\t\t\t\t<\/div>\n\t\t\t\t<\/div>\n\t\t<div class=\"elementor-element elementor-element-8448e55 e-con-full e-flex e-con e-parent\" data-id=\"8448e55\" data-element_type=\"container\" data-e-type=\"container\" data-settings=\"{&quot;_ha_eqh_enable&quot;:false}\">\n\t\t<div class=\"elementor-element elementor-element-05f5c25 e-con-full e-flex e-con e-child\" data-id=\"05f5c25\" data-element_type=\"container\" data-e-type=\"container\" data-settings=\"{&quot;_ha_eqh_enable&quot;:false}\">\n\t\t\t\t<div class=\"elementor-element elementor-element-227da89 elementor-widget__width-initial elementor-widget elementor-widget-image\" data-id=\"227da89\" data-element_type=\"widget\" data-e-type=\"widget\" data-widget_type=\"image.default\">\n\t\t\t\t<div class=\"elementor-widget-container\">\n\t\t\t\t\t\t\t\t\t\t\t\t\t\t\t<img fetchpriority=\"high\" decoding=\"async\" width=\"800\" height=\"491\" src=\"https:\/\/prueba.csgabriel.edu.ec\/wp-content\/uploads\/2026\/01\/IMG_8922-1024x629.png\" class=\"attachment-large size-large wp-image-45901\" alt=\"\" srcset=\"https:\/\/prueba.csgabriel.edu.ec\/wp-content\/uploads\/2026\/01\/IMG_8922-1024x629.png 1024w, https:\/\/prueba.csgabriel.edu.ec\/wp-content\/uploads\/2026\/01\/IMG_8922-300x184.png 300w, https:\/\/prueba.csgabriel.edu.ec\/wp-content\/uploads\/2026\/01\/IMG_8922-768x472.png 768w, https:\/\/prueba.csgabriel.edu.ec\/wp-content\/uploads\/2026\/01\/IMG_8922-1536x943.png 1536w, https:\/\/prueba.csgabriel.edu.ec\/wp-content\/uploads\/2026\/01\/IMG_8922-2048x1258.png 2048w\" sizes=\"(max-width: 800px) 100vw, 800px\" \/>\t\t\t\t\t\t\t\t\t\t\t\t\t\t\t<\/div>\n\t\t\t\t<\/div>\n\t\t\t\t<\/div>\n\t\t<div class=\"elementor-element elementor-element-8b17601 e-con-full e-flex e-con e-child\" data-id=\"8b17601\" data-element_type=\"container\" data-e-type=\"container\" data-settings=\"{&quot;_ha_eqh_enable&quot;:false}\">\n\t\t\t\t<div class=\"elementor-element elementor-element-f0ef9b9 elementor-widget elementor-widget-text-editor\" data-id=\"f0ef9b9\" data-element_type=\"widget\" data-e-type=\"widget\" data-widget_type=\"text-editor.default\">\n\t\t\t\t<div class=\"elementor-widget-container\">\n\t\t\t\t\t\t\t\t\t<p><span style=\"font-weight: 400;\">Welcome to San Gabriel Private Educational Unit, a Jesuit community that, faithful to its history and mission, adapts responsibly and with hope to the demands of modern times. We engage in a continuous process of transformation, where academic excellence is integrated with deep human and spiritual formation, always placing the person at the center of our educational work.<\/span><\/p><p><span style=\"font-weight: 400;\">At San Gabriel, we educate young men and women according to the four \u201cC\u201ds that guide the education of the Society of Jesus: <\/span><b>conscientes<\/b><span style=\"font-weight: 400;\">, competent, able to read and understand reality; <\/span><b>competentes<\/b><span style=\"font-weight: 400;\">, competent and well-prepared academically and personally; <\/span><b>compasivos<\/b><span style=\"font-weight: 400;\">, sensibles al dolor y a las necesidades de los dem\u00e1s; y <\/span><b>comprometidos<\/b><span style=\"font-weight: 400;\">, conscious, ready to act toward building a more just and compassionate society.<\/span><\/p>\t\t\t\t\t\t\t\t<\/div>\n\t\t\t\t<\/div>\n\t\t\t\t<\/div>\n\t\t\t\t<\/div>\n\t\t<div class=\"elementor-element elementor-element-d6e0b8a e-con-full e-flex e-con e-parent\" data-id=\"d6e0b8a\" data-element_type=\"container\" data-e-type=\"container\" data-settings=\"{&quot;_ha_eqh_enable&quot;:false}\">\n\t\t\t\t<div class=\"elementor-element elementor-element-01afee1 elementor-widget elementor-widget-text-editor\" data-id=\"01afee1\" data-element_type=\"widget\" data-e-type=\"widget\" data-widget_type=\"text-editor.default\">\n\t\t\t\t<div class=\"elementor-widget-container\">\n\t\t\t\t\t\t\t\t\t<p><span style=\"font-weight: 400;\">We welcome children and young people from Early Childhood, starting at age 3, through Third Year of High School, accompanying them on a continuous journey of comprehensive growth.<\/span><\/p><p><span style=\"font-weight: 400;\">Since 2016, our pedagogical approach has been implemented within the educational transformation project <\/span><b>InnovAcci\u00f3n XXI<\/b><span style=\"font-weight: 400;\">, which promotes the use of active methodologies to foster critical thinking, creativity, collaboration, and meaningful learning at all levels of the school. All of this work is nourished by a deep Marian spirituality: as a community, we live a special devotion to Our Lady of Sorrows. <\/span><b>Virgen Dolorosa<\/b><span style=\"font-weight: 400;\">, of whom we are witnesses to the Miracle of Love <\/span><b>Miracle of Her Love<\/b><span style=\"font-weight: 400;\">,which took place on April 20, 1906, a sign that strengthens our faith and inspires us to educate with greater meaning, hope, and service, <\/span><b>in loving and serving in all things.<\/b><span style=\"font-weight: 400;\">.<\/span><\/p>\t\t\t\t\t\t\t\t<\/div>\n\t\t\t\t<\/div>\n\t\t\t\t<div class=\"elementor-element elementor-element-ae5d7c4 elementor-widget elementor-widget-text-editor\" data-id=\"ae5d7c4\" data-element_type=\"widget\" data-e-type=\"widget\" data-widget_type=\"text-editor.default\">\n\t\t\t\t<div class=\"elementor-widget-container\">\n\t\t\t\t\t\t\t\t\t<p>\u00a0<\/p><p><span style=\"font-weight: 400;\">P. Jorge Lasso, S.J.<\/span><\/p><p><strong>Principal<\/strong><\/p><p><span style=\"font-weight: 400;\">San Gabriel Private Educational Unit<\/span><\/p>\t\t\t\t\t\t\t\t<\/div>\n\t\t\t\t<\/div>\n\t\t\t\t<\/div>\n\t\t\t\t<\/div>","protected":false},"excerpt":{"rendered":"<p>Inicio Saludo del Rector Bienvenidos a la Unidad Educativa Particular San Gabriel, una comunidad jesuita que, fiel a su historia y misi\u00f3n, se adapta con responsabilidad y esperanza a las exigencias de los nuevos tiempos. Vivimos un proceso permanente de transformaci\u00f3n, en el que la excelencia acad\u00e9mica se integra con una formaci\u00f3n humana y espiritual [&hellip;]<\/p>\n","protected":false},"author":12,"featured_media":0,"parent":0,"menu_order":0,"comment_status":"closed","ping_status":"closed","template":"","meta":{"footnotes":""},"class_list":["post-40753","page","type-page","status-publish","hentry"],"_links":{"self":[{"href":"https:\/\/prueba.csgabriel.edu.ec\/en\/wp-json\/wp\/v2\/pages\/40753","targetHints":{"allow":["GET"]}}],"collection":[{"href":"https:\/\/prueba.csgabriel.edu.ec\/en\/wp-json\/wp\/v2\/pages"}],"about":[{"href":"https:\/\/prueba.csgabriel.edu.ec\/en\/wp-json\/wp\/v2\/types\/page"}],"author":[{"embeddable":true,"href":"https:\/\/prueba.csgabriel.edu.ec\/en\/wp-json\/wp\/v2\/users\/12"}],"replies":[{"embeddable":true,"href":"https:\/\/prueba.csgabriel.edu.ec\/en\/wp-json\/wp\/v2\/comments?post=40753"}],"version-history":[{"count":184,"href":"https:\/\/prueba.csgabriel.edu.ec\/en\/wp-json\/wp\/v2\/pages\/40753\/revisions"}],"predecessor-version":[{"id":48483,"href":"https:\/\/prueba.csgabriel.edu.ec\/en\/wp-json\/wp\/v2\/pages\/40753\/revisions\/48483"}],"wp:attachment":[{"href":"https:\/\/prueba.csgabriel.edu.ec\/en\/wp-json\/wp\/v2\/media?parent=40753"}],"curies":[{"name":"wp","href":"https:\/\/api.w.org\/{rel}","templated":true}]}}