{"id":39506,"date":"2025-12-10T15:56:52","date_gmt":"2025-12-10T20:56:52","guid":{"rendered":"https:\/\/prueba.csgabriel.edu.ec\/?page_id=39506"},"modified":"2026-03-05T09:15:23","modified_gmt":"2026-03-05T14:15:23","slug":"acerca-de-nosotros","status":"publish","type":"page","link":"https:\/\/prueba.csgabriel.edu.ec\/en\/acerca-de-nosotros\/","title":{"rendered":"Acerca de Nosotros"},"content":{"rendered":"<div data-elementor-type=\"wp-page\" data-elementor-id=\"39506\" class=\"elementor elementor-39506\" data-elementor-settings=\"{&quot;ha_cmc_init_switcher&quot;:&quot;no&quot;}\" data-elementor-post-type=\"page\">\n\t\t\t\t<div class=\"elementor-element elementor-element-d41eab7 e-con-full e-flex elementor-invisible e-con e-parent\" data-id=\"d41eab7\" data-element_type=\"container\" data-e-type=\"container\" data-settings=\"{&quot;background_background&quot;:&quot;classic&quot;,&quot;animation&quot;:&quot;zoomInDown&quot;,&quot;_ha_eqh_enable&quot;:false}\">\n\t\t\t\t<\/div>\n\t\t<div class=\"elementor-element elementor-element-ce38062 e-con-full e-flex e-con e-parent\" data-id=\"ce38062\" data-element_type=\"container\" data-e-type=\"container\" data-settings=\"{&quot;_ha_eqh_enable&quot;:false}\">\n\t\t\t\t<div class=\"elementor-element elementor-element-a0cd504 elementor-nav-menu--dropdown-none elementor-widget__width-initial elementor-widget-mobile__width-initial elementor-nav-menu__align-center elementor-widget elementor-widget-nav-menu\" data-id=\"a0cd504\" data-element_type=\"widget\" data-e-type=\"widget\" data-settings=\"{&quot;submenu_icon&quot;:{&quot;value&quot;:&quot;&lt;i class=\\&quot;\\&quot; aria-hidden=\\&quot;true\\&quot;&gt;&lt;\\\/i&gt;&quot;,&quot;library&quot;:&quot;&quot;},&quot;layout&quot;:&quot;horizontal&quot;}\" data-widget_type=\"nav-menu.default\">\n\t\t\t\t<div class=\"elementor-widget-container\">\n\t\t\t\t\t\t\t\t<nav aria-label=\"Men\u00fa\" class=\"elementor-nav-menu--main elementor-nav-menu__container elementor-nav-menu--layout-horizontal e--pointer-framed e--animation-fade\">\n\t\t\t\t<ul id=\"menu-1-a0cd504\" class=\"elementor-nav-menu\"><li class=\"menu-item menu-item-type-post_type menu-item-object-page menu-item-40761\"><a href=\"https:\/\/prueba.csgabriel.edu.ec\/en\/bienvenida-del-rector\/\" class=\"elementor-item\">Principal\u2019s Welcome<\/a><\/li>\n<li class=\"menu-item menu-item-type-post_type menu-item-object-page menu-item-40653\"><a href=\"https:\/\/prueba.csgabriel.edu.ec\/en\/mision-vision-y-valores\/\" class=\"elementor-item\">Mission, Vision and Values<\/a><\/li>\n<li class=\"menu-item menu-item-type-post_type menu-item-object-page menu-item-40003\"><a href=\"https:\/\/prueba.csgabriel.edu.ec\/en\/prodigio-de-la-dolorosa-2\/\" class=\"elementor-item\">Prodigy of Our Lady of Sorrows<\/a><\/li>\n<li class=\"menu-item menu-item-type-post_type menu-item-object-page menu-item-40006\"><a href=\"https:\/\/prueba.csgabriel.edu.ec\/en\/autoridades\/\" class=\"elementor-item\">Authorities<\/a><\/li>\n<li class=\"menu-item menu-item-type-post_type menu-item-object-page menu-item-42111\"><a href=\"https:\/\/prueba.csgabriel.edu.ec\/en\/documentos-institucionales\/\" class=\"elementor-item\">Institutional Documents<\/a><\/li>\n<\/ul>\t\t\t<\/nav>\n\t\t\t\t\t\t<nav class=\"elementor-nav-menu--dropdown elementor-nav-menu__container\" aria-hidden=\"true\">\n\t\t\t\t<ul id=\"menu-2-a0cd504\" class=\"elementor-nav-menu\"><li class=\"menu-item menu-item-type-post_type menu-item-object-page menu-item-40761\"><a href=\"https:\/\/prueba.csgabriel.edu.ec\/en\/bienvenida-del-rector\/\" class=\"elementor-item\" tabindex=\"-1\">Principal\u2019s Welcome<\/a><\/li>\n<li class=\"menu-item menu-item-type-post_type menu-item-object-page menu-item-40653\"><a href=\"https:\/\/prueba.csgabriel.edu.ec\/en\/mision-vision-y-valores\/\" class=\"elementor-item\" tabindex=\"-1\">Mission, Vision and Values<\/a><\/li>\n<li class=\"menu-item menu-item-type-post_type menu-item-object-page menu-item-40003\"><a href=\"https:\/\/prueba.csgabriel.edu.ec\/en\/prodigio-de-la-dolorosa-2\/\" class=\"elementor-item\" tabindex=\"-1\">Prodigy of Our Lady of Sorrows<\/a><\/li>\n<li class=\"menu-item menu-item-type-post_type menu-item-object-page menu-item-40006\"><a href=\"https:\/\/prueba.csgabriel.edu.ec\/en\/autoridades\/\" class=\"elementor-item\" tabindex=\"-1\">Authorities<\/a><\/li>\n<li class=\"menu-item menu-item-type-post_type menu-item-object-page menu-item-42111\"><a href=\"https:\/\/prueba.csgabriel.edu.ec\/en\/documentos-institucionales\/\" class=\"elementor-item\" tabindex=\"-1\">Institutional Documents<\/a><\/li>\n<\/ul>\t\t\t<\/nav>\n\t\t\t\t\t\t<\/div>\n\t\t\t\t<\/div>\n\t\t\t\t<\/div>\n\t\t<div class=\"elementor-element elementor-element-b0ca35d e-con-full e-flex e-con e-parent\" data-id=\"b0ca35d\" data-element_type=\"container\" data-e-type=\"container\" data-settings=\"{&quot;background_background&quot;:&quot;classic&quot;,&quot;_ha_eqh_enable&quot;:false}\">\n\t\t\t\t<div class=\"elementor-element elementor-element-383e4da elementor-widget elementor-widget-hfe-breadcrumbs-widget\" data-id=\"383e4da\" data-element_type=\"widget\" data-e-type=\"widget\" data-widget_type=\"hfe-breadcrumbs-widget.default\">\n\t\t\t\t<div class=\"elementor-widget-container\">\n\t\t\t\t\t<nav aria-label=\"Breadcrumb\"><ul class=\"hfe-breadcrumbs hfe-breadcrumbs-show-home\"><li class=\"hfe-breadcrumbs-item hfe-breadcrumbs-first\"><span class=\"hfe-breadcrumbs-home-icon\"><\/span><a href=\"https:\/\/prueba.csgabriel.edu.ec\/en\"><span class=\"hfe-breadcrumbs-text\">Home<\/span><\/a><\/li><\/ul><\/nav>\t\t\t\t<\/div>\n\t\t\t\t<\/div>\n\t\t\t\t<\/div>\n\t\t<div class=\"elementor-element elementor-element-0920fbc e-con-full e-flex e-con e-parent\" data-id=\"0920fbc\" data-element_type=\"container\" data-e-type=\"container\" data-settings=\"{&quot;_ha_eqh_enable&quot;:false}\">\n\t\t\t\t<div class=\"elementor-element elementor-element-20fd40c elementor-widget elementor-widget-heading\" data-id=\"20fd40c\" data-element_type=\"widget\" data-e-type=\"widget\" data-widget_type=\"heading.default\">\n\t\t\t\t<div class=\"elementor-widget-container\">\n\t\t\t\t\t<h2 class=\"elementor-heading-title elementor-size-default\">Acerca de Nosotros<\/h2>\t\t\t\t<\/div>\n\t\t\t\t<\/div>\n\t\t\t\t<div class=\"elementor-element elementor-element-3b476f3 elementor-widget elementor-widget-text-editor\" data-id=\"3b476f3\" data-element_type=\"widget\" data-e-type=\"widget\" data-widget_type=\"text-editor.default\">\n\t\t\t\t<div class=\"elementor-widget-container\">\n\t\t\t\t\t\t\t\t\t<p>La Unidad Educativa Particular San Gabriel, obra de la Compa\u00f1\u00eda de Jes\u00fas, forma desde hace\u00a0m\u00e1s de 160 a\u00f1os a personas conscientes, competentes, compasivas y comprometidas con la transformaci\u00f3n de la sociedad.<\/p>\t\t\t\t\t\t\t\t<\/div>\n\t\t\t\t<\/div>\n\t\t\t\t<\/div>\n\t\t<div class=\"elementor-element elementor-element-d5467ec e-con-full e-flex e-con e-parent\" data-id=\"d5467ec\" data-element_type=\"container\" data-e-type=\"container\" data-settings=\"{&quot;_ha_eqh_enable&quot;:false}\">\n\t\t\t\t<div class=\"elementor-element elementor-element-85bd6cf elementor-widget elementor-widget-text-editor\" data-id=\"85bd6cf\" data-element_type=\"widget\" data-e-type=\"widget\" data-widget_type=\"text-editor.default\">\n\t\t\t\t<div class=\"elementor-widget-container\">\n\t\t\t\t\t\t\t\t\t<p>Somos herederos del Prodigio de Amor de la Virgen Dolorosa, que el 20 de abril de 1906, marc\u00f3 nuestra historia y fortaleci\u00f3 nuestra misi\u00f3n educativa.\u00a0<\/p>\t\t\t\t\t\t\t\t<\/div>\n\t\t\t\t<\/div>\n\t\t\t\t<\/div>\n\t\t<div class=\"elementor-element elementor-element-1dc4b0e e-con-full e-flex e-con e-parent\" data-id=\"1dc4b0e\" data-element_type=\"container\" data-e-type=\"container\" data-settings=\"{&quot;_ha_eqh_enable&quot;:false}\">\n\t\t<div class=\"elementor-element elementor-element-5f68740 e-con-full e-flex e-con e-child\" data-id=\"5f68740\" data-element_type=\"container\" data-e-type=\"container\" data-settings=\"{&quot;background_background&quot;:&quot;classic&quot;,&quot;_ha_eqh_enable&quot;:false}\">\n\t\t\t\t<div class=\"elementor-element elementor-element-a10c242 elementor-widget elementor-widget-heading\" data-id=\"a10c242\" data-element_type=\"widget\" data-e-type=\"widget\" data-widget_type=\"heading.default\">\n\t\t\t\t<div class=\"elementor-widget-container\">\n\t\t\t\t\t<h2 class=\"elementor-heading-title elementor-size-default\"> Nuestra metodolog\u00eda<\/h2>\t\t\t\t<\/div>\n\t\t\t\t<\/div>\n\t\t\t\t<div class=\"elementor-element elementor-element-d71d18a elementor-widget elementor-widget-text-editor\" data-id=\"d71d18a\" data-element_type=\"widget\" data-e-type=\"widget\" data-widget_type=\"text-editor.default\">\n\t\t\t\t<div class=\"elementor-widget-container\">\n\t\t\t\t\t\t\t\t\t<p>Desde 2016, vivimos el proyecto de transformaci\u00f3n educativa InnovAcci\u00f3n XXI, que coloca a la persona en el centro del proceso educativo y promueve el desarrollo integral en sus dimensiones cognitiva, socioafectiva y espiritual. Implementamos el aprendizaje cooperativo y la teor\u00eda de las Inteligencias M\u00faltiples dentro del marco de la Ense\u00f1anza para la Comprensi\u00f3n, favoreciendo experiencias activas, significativas y orientadas a metas claras. Los estudiantes asumen un rol protag\u00f3nico, mientras los docentes acompa\u00f1an, gu\u00edan y generan ambientes que despiertan curiosidad y creatividad. Con horarios flexibles, proyectos interdisciplinarios y evaluaci\u00f3n aut\u00e9ntica, fomentamos autonom\u00eda, pensamiento cr\u00edtico y la capacidad de transformar la realidad desde una mirada ignaciana.<\/p>\t\t\t\t\t\t\t\t<\/div>\n\t\t\t\t<\/div>\n\t\t\t\t<\/div>\n\t\t\t\t<\/div>\n\t\t<div class=\"elementor-element elementor-element-7ae4781 e-con-full e-flex e-con e-parent\" data-id=\"7ae4781\" data-element_type=\"container\" data-e-type=\"container\" data-settings=\"{&quot;_ha_eqh_enable&quot;:false}\">\n\t\t\t\t<div class=\"elementor-element elementor-element-de610f0 elementor-widget elementor-widget-spacer\" data-id=\"de610f0\" data-element_type=\"widget\" data-e-type=\"widget\" data-widget_type=\"spacer.default\">\n\t\t\t\t<div class=\"elementor-widget-container\">\n\t\t\t\t\t\t\t<div class=\"elementor-spacer\">\n\t\t\t<div class=\"elementor-spacer-inner\"><\/div>\n\t\t<\/div>\n\t\t\t\t\t\t<\/div>\n\t\t\t\t<\/div>\n\t\t\t\t<\/div>\n\t\t<div class=\"elementor-element elementor-element-7bb297d e-con-full e-flex e-con e-parent\" data-id=\"7bb297d\" data-element_type=\"container\" data-e-type=\"container\" data-settings=\"{&quot;shape_divider_bottom&quot;:&quot;waves&quot;,&quot;background_background&quot;:&quot;classic&quot;,&quot;_ha_eqh_enable&quot;:false}\">\n\t\t\t\t<div class=\"elementor-shape elementor-shape-bottom\" aria-hidden=\"true\" data-negative=\"false\">\n\t\t\t<svg xmlns=\"http:\/\/www.w3.org\/2000\/svg\" viewbox=\"0 0 1000 100\" preserveaspectratio=\"none\">\n\t<path class=\"elementor-shape-fill\" d=\"M421.9,6.5c22.6-2.5,51.5,0.4,75.5,5.3c23.6,4.9,70.9,23.5,100.5,35.7c75.8,32.2,133.7,44.5,192.6,49.7\tc23.6,2.1,48.7,3.5,103.4-2.5c54.7-6,106.2-25.6,106.2-25.6V0H0v30.3c0,0,72,32.6,158.4,30.5c39.2-0.7,92.8-6.7,134-22.4\tc21.2-8.1,52.2-18.2,79.7-24.2C399.3,7.9,411.6,7.5,421.9,6.5z\"\/>\n<\/svg>\t\t<\/div>\n\t\t\t\t<\/div>\n\t\t<div class=\"elementor-element elementor-element-4f9a381 e-con-full e-flex e-con e-parent\" data-id=\"4f9a381\" data-element_type=\"container\" data-e-type=\"container\" data-settings=\"{&quot;background_background&quot;:&quot;classic&quot;,&quot;_ha_eqh_enable&quot;:false}\">\n\t\t\t\t<div class=\"elementor-element elementor-element-6ed0563 elementor-widget-laptop__width-initial elementor-widget elementor-widget-heading\" data-id=\"6ed0563\" data-element_type=\"widget\" data-e-type=\"widget\" data-widget_type=\"heading.default\">\n\t\t\t\t<div class=\"elementor-widget-container\">\n\t\t\t\t\t<h2 class=\"elementor-heading-title elementor-size-default\">Modelo de persona \nque deseamos formar<\/h2>\t\t\t\t<\/div>\n\t\t\t\t<\/div>\n\t\t\t\t<div class=\"elementor-element elementor-element-ebf6d4a elementor-widget__width-initial elementor-widget elementor-widget-text-editor\" data-id=\"ebf6d4a\" data-element_type=\"widget\" data-e-type=\"widget\" data-widget_type=\"text-editor.default\">\n\t\t\t\t<div class=\"elementor-widget-container\">\n\t\t\t\t\t\t\t\t\t<p>Situamos el centro de nuestra tarea educativa y nos comprometemos con este MODELO DE PERSONA QUE QUEREMOS EDUCAR y que llevaremos a la pr\u00e1ctica en todas nuestras iniciativas y espacios de aprendizaje.<\/p>\t\t\t\t\t\t\t\t<\/div>\n\t\t\t\t<\/div>\n\t\t\t\t<\/div>\n\t\t<div class=\"elementor-element elementor-element-ffc8c42 e-con-full e-flex e-con e-parent\" data-id=\"ffc8c42\" data-element_type=\"container\" data-e-type=\"container\" data-settings=\"{&quot;_ha_eqh_enable&quot;:false}\">\n\t\t\t\t<div class=\"elementor-element elementor-element-9fbb122 elementor-widget__width-initial elementor-widget elementor-widget-image\" data-id=\"9fbb122\" data-element_type=\"widget\" data-e-type=\"widget\" data-widget_type=\"image.default\">\n\t\t\t\t<div class=\"elementor-widget-container\">\n\t\t\t\t\t\t\t\t\t\t\t\t\t\t\t<img fetchpriority=\"high\" decoding=\"async\" width=\"800\" height=\"622\" src=\"https:\/\/prueba.csgabriel.edu.ec\/wp-content\/uploads\/2026\/01\/4CS.png\" class=\"attachment-large size-large wp-image-45873\" alt=\"\" srcset=\"https:\/\/prueba.csgabriel.edu.ec\/wp-content\/uploads\/2026\/01\/4CS.png 808w, https:\/\/prueba.csgabriel.edu.ec\/wp-content\/uploads\/2026\/01\/4CS-300x233.png 300w, https:\/\/prueba.csgabriel.edu.ec\/wp-content\/uploads\/2026\/01\/4CS-768x597.png 768w\" sizes=\"(max-width: 800px) 100vw, 800px\" \/>\t\t\t\t\t\t\t\t\t\t\t\t\t\t\t<\/div>\n\t\t\t\t<\/div>\n\t\t\t\t<\/div>\n\t\t<div class=\"elementor-element elementor-element-be4d83e e-flex e-con-boxed e-con e-parent\" data-id=\"be4d83e\" data-element_type=\"container\" data-e-type=\"container\" data-settings=\"{&quot;_ha_eqh_enable&quot;:false}\">\n\t\t\t\t\t<div class=\"e-con-inner\">\n\t\t\t\t<div class=\"elementor-element elementor-element-747c142 elementor-widget elementor-widget-spacer\" data-id=\"747c142\" data-element_type=\"widget\" data-e-type=\"widget\" data-widget_type=\"spacer.default\">\n\t\t\t\t<div class=\"elementor-widget-container\">\n\t\t\t\t\t\t\t<div class=\"elementor-spacer\">\n\t\t\t<div class=\"elementor-spacer-inner\"><\/div>\n\t\t<\/div>\n\t\t\t\t\t\t<\/div>\n\t\t\t\t<\/div>\n\t\t\t\t\t<\/div>\n\t\t\t\t<\/div>\n\t\t\t\t<\/div>","protected":false},"excerpt":{"rendered":"<p>Inicio Acerca de Nosotros La Unidad Educativa Particular San Gabriel, obra de la Compa\u00f1\u00eda de Jes\u00fas, forma desde hace\u00a0m\u00e1s de 160 a\u00f1os a personas conscientes, competentes, compasivas y comprometidas con la transformaci\u00f3n de la sociedad. Somos herederos del Prodigio de Amor de la Virgen Dolorosa, que el 20 de abril de 1906, marc\u00f3 nuestra historia [&hellip;]<\/p>\n","protected":false},"author":12,"featured_media":0,"parent":0,"menu_order":0,"comment_status":"closed","ping_status":"closed","template":"","meta":{"footnotes":""},"class_list":["post-39506","page","type-page","status-publish","hentry"],"_links":{"self":[{"href":"https:\/\/prueba.csgabriel.edu.ec\/en\/wp-json\/wp\/v2\/pages\/39506","targetHints":{"allow":["GET"]}}],"collection":[{"href":"https:\/\/prueba.csgabriel.edu.ec\/en\/wp-json\/wp\/v2\/pages"}],"about":[{"href":"https:\/\/prueba.csgabriel.edu.ec\/en\/wp-json\/wp\/v2\/types\/page"}],"author":[{"embeddable":true,"href":"https:\/\/prueba.csgabriel.edu.ec\/en\/wp-json\/wp\/v2\/users\/12"}],"replies":[{"embeddable":true,"href":"https:\/\/prueba.csgabriel.edu.ec\/en\/wp-json\/wp\/v2\/comments?post=39506"}],"version-history":[{"count":796,"href":"https:\/\/prueba.csgabriel.edu.ec\/en\/wp-json\/wp\/v2\/pages\/39506\/revisions"}],"predecessor-version":[{"id":50118,"href":"https:\/\/prueba.csgabriel.edu.ec\/en\/wp-json\/wp\/v2\/pages\/39506\/revisions\/50118"}],"wp:attachment":[{"href":"https:\/\/prueba.csgabriel.edu.ec\/en\/wp-json\/wp\/v2\/media?parent=39506"}],"curies":[{"name":"wp","href":"https:\/\/api.w.org\/{rel}","templated":true}]}}