{"id":37096,"date":"2025-02-27T12:34:49","date_gmt":"2025-02-27T17:34:49","guid":{"rendered":"https:\/\/prueba.csgabriel.edu.ec\/?page_id=37096"},"modified":"2026-02-20T15:37:38","modified_gmt":"2026-02-20T20:37:38","slug":"basica-elemental","status":"publish","type":"page","link":"https:\/\/prueba.csgabriel.edu.ec\/en\/basica-elemental\/","title":{"rendered":"Elementary Education (2\u00ba, 3\u00ba,4\u00ba)"},"content":{"rendered":"<div data-elementor-type=\"wp-page\" data-elementor-id=\"37096\" class=\"elementor elementor-37096\" data-elementor-settings=\"{&quot;ha_cmc_init_switcher&quot;:&quot;no&quot;}\" data-elementor-post-type=\"page\">\n\t\t\t\t<div class=\"elementor-element elementor-element-af0b9ba e-flex e-con-boxed e-con e-parent\" data-id=\"af0b9ba\" data-element_type=\"container\" data-e-type=\"container\" data-settings=\"{&quot;background_background&quot;:&quot;classic&quot;,&quot;_ha_eqh_enable&quot;:false}\">\n\t\t\t\t\t<div class=\"e-con-inner\">\n\t\t\t\t<div class=\"elementor-element elementor-element-a9ae613 elementor-widget elementor-widget-spacer\" data-id=\"a9ae613\" data-element_type=\"widget\" data-e-type=\"widget\" data-widget_type=\"spacer.default\">\n\t\t\t\t<div class=\"elementor-widget-container\">\n\t\t\t\t\t\t\t<div class=\"elementor-spacer\">\n\t\t\t<div class=\"elementor-spacer-inner\"><\/div>\n\t\t<\/div>\n\t\t\t\t\t\t<\/div>\n\t\t\t\t<\/div>\n\t\t\t\t\t<\/div>\n\t\t\t\t<\/div>\n\t\t<div class=\"elementor-element elementor-element-589050e e-con-full e-flex e-con e-parent\" data-id=\"589050e\" data-element_type=\"container\" data-e-type=\"container\" data-settings=\"{&quot;_ha_eqh_enable&quot;:false}\">\n\t\t\t\t<div class=\"elementor-element elementor-element-4626dbc elementor-nav-menu--dropdown-none elementor-widget__width-initial elementor-widget-mobile__width-initial elementor-nav-menu__align-center elementor-widget elementor-widget-nav-menu\" data-id=\"4626dbc\" data-element_type=\"widget\" data-e-type=\"widget\" data-settings=\"{&quot;submenu_icon&quot;:{&quot;value&quot;:&quot;&lt;i class=\\&quot;\\&quot; aria-hidden=\\&quot;true\\&quot;&gt;&lt;\\\/i&gt;&quot;,&quot;library&quot;:&quot;&quot;},&quot;layout&quot;:&quot;horizontal&quot;}\" data-widget_type=\"nav-menu.default\">\n\t\t\t\t<div class=\"elementor-widget-container\">\n\t\t\t\t\t\t\t\t<nav aria-label=\"Men\u00fa\" class=\"elementor-nav-menu--main elementor-nav-menu__container elementor-nav-menu--layout-horizontal e--pointer-framed e--animation-fade\">\n\t\t\t\t<ul id=\"menu-1-4626dbc\" class=\"elementor-nav-menu\"><li class=\"menu-item menu-item-type-post_type menu-item-object-page menu-item-39089\"><a href=\"https:\/\/prueba.csgabriel.edu.ec\/en\/inicial-y-prerparatoria\/\" class=\"elementor-item\">Early Years (Ages 3\u20134) and Kindergarten (Age 5)<\/a><\/li>\n<li class=\"menu-item menu-item-type-post_type menu-item-object-page menu-item-39745\"><a href=\"https:\/\/prueba.csgabriel.edu.ec\/en\/basica-elemental\/\" class=\"elementor-item\">Elementary Education (2\u00ba, 3\u00ba,4\u00ba)<\/a><\/li>\n<li class=\"menu-item menu-item-type-post_type menu-item-object-page menu-item-39785\"><a href=\"https:\/\/prueba.csgabriel.edu.ec\/en\/basica-media\/\" class=\"elementor-item\">Elementary Education (5\u00ba,6\u00ba,7\u00ba)<\/a><\/li>\n<li class=\"menu-item menu-item-type-post_type menu-item-object-page menu-item-39784\"><a href=\"https:\/\/prueba.csgabriel.edu.ec\/en\/basica-superior\/\" class=\"elementor-item\">Middle Education<\/a><\/li>\n<li class=\"menu-item menu-item-type-post_type menu-item-object-page menu-item-39783\"><a href=\"https:\/\/prueba.csgabriel.edu.ec\/en\/bachillerato\/\" class=\"elementor-item\">High School<\/a><\/li>\n<\/ul>\t\t\t<\/nav>\n\t\t\t\t\t\t<nav class=\"elementor-nav-menu--dropdown elementor-nav-menu__container\" aria-hidden=\"true\">\n\t\t\t\t<ul id=\"menu-2-4626dbc\" class=\"elementor-nav-menu\"><li class=\"menu-item menu-item-type-post_type menu-item-object-page menu-item-39089\"><a href=\"https:\/\/prueba.csgabriel.edu.ec\/en\/inicial-y-prerparatoria\/\" class=\"elementor-item\" tabindex=\"-1\">Early Years (Ages 3\u20134) and Kindergarten (Age 5)<\/a><\/li>\n<li class=\"menu-item menu-item-type-post_type menu-item-object-page menu-item-39745\"><a href=\"https:\/\/prueba.csgabriel.edu.ec\/en\/basica-elemental\/\" class=\"elementor-item\" tabindex=\"-1\">Elementary Education (2\u00ba, 3\u00ba,4\u00ba)<\/a><\/li>\n<li class=\"menu-item menu-item-type-post_type menu-item-object-page menu-item-39785\"><a href=\"https:\/\/prueba.csgabriel.edu.ec\/en\/basica-media\/\" class=\"elementor-item\" tabindex=\"-1\">Elementary Education (5\u00ba,6\u00ba,7\u00ba)<\/a><\/li>\n<li class=\"menu-item menu-item-type-post_type menu-item-object-page menu-item-39784\"><a href=\"https:\/\/prueba.csgabriel.edu.ec\/en\/basica-superior\/\" class=\"elementor-item\" tabindex=\"-1\">Middle Education<\/a><\/li>\n<li class=\"menu-item menu-item-type-post_type menu-item-object-page menu-item-39783\"><a href=\"https:\/\/prueba.csgabriel.edu.ec\/en\/bachillerato\/\" class=\"elementor-item\" tabindex=\"-1\">High School<\/a><\/li>\n<\/ul>\t\t\t<\/nav>\n\t\t\t\t\t\t<\/div>\n\t\t\t\t<\/div>\n\t\t\t\t<div class=\"elementor-element elementor-element-b7aa795 elementor-widget-divider--view-line elementor-widget elementor-widget-divider\" data-id=\"b7aa795\" data-element_type=\"widget\" data-e-type=\"widget\" data-widget_type=\"divider.default\">\n\t\t\t\t<div class=\"elementor-widget-container\">\n\t\t\t\t\t\t\t<div class=\"elementor-divider\">\n\t\t\t<span class=\"elementor-divider-separator\">\n\t\t\t\t\t\t<\/span>\n\t\t<\/div>\n\t\t\t\t\t\t<\/div>\n\t\t\t\t<\/div>\n\t\t\t\t<\/div>\n\t\t<div class=\"elementor-element elementor-element-912174f e-con-full e-flex e-con e-parent\" data-id=\"912174f\" data-element_type=\"container\" data-e-type=\"container\" data-settings=\"{&quot;background_background&quot;:&quot;classic&quot;,&quot;_ha_eqh_enable&quot;:false}\">\n\t\t\t\t<div class=\"elementor-element elementor-element-e63745b elementor-widget elementor-widget-hfe-breadcrumbs-widget\" data-id=\"e63745b\" data-element_type=\"widget\" data-e-type=\"widget\" data-widget_type=\"hfe-breadcrumbs-widget.default\">\n\t\t\t\t<div class=\"elementor-widget-container\">\n\t\t\t\t\t<nav aria-label=\"Breadcrumb\"><ul class=\"hfe-breadcrumbs hfe-breadcrumbs-show-home\"><li class=\"hfe-breadcrumbs-item hfe-breadcrumbs-first\"><span class=\"hfe-breadcrumbs-home-icon\"><\/span><a href=\"https:\/\/prueba.csgabriel.edu.ec\/en\"><span class=\"hfe-breadcrumbs-text\">Home<\/span><\/a><\/li><\/ul><\/nav>\t\t\t\t<\/div>\n\t\t\t\t<\/div>\n\t\t\t\t<\/div>\n\t\t<div class=\"elementor-element elementor-element-7173992 e-con-full e-flex e-con e-parent\" data-id=\"7173992\" data-element_type=\"container\" data-e-type=\"container\" data-settings=\"{&quot;_ha_eqh_enable&quot;:false}\">\n\t\t\t\t<div class=\"elementor-element elementor-element-b8a3999 elementor-widget elementor-widget-heading\" data-id=\"b8a3999\" data-element_type=\"widget\" data-e-type=\"widget\" data-widget_type=\"heading.default\">\n\t\t\t\t<div class=\"elementor-widget-container\">\n\t\t\t\t\t<h2 class=\"elementor-heading-title elementor-size-default\">Elementary Education (2\u00ba, 3\u00ba,4\u00ba)<\/h2>\t\t\t\t<\/div>\n\t\t\t\t<\/div>\n\t\t\t\t<div class=\"elementor-element elementor-element-c6df1e1 elementor-widget elementor-widget-text-editor\" data-id=\"c6df1e1\" data-element_type=\"widget\" data-e-type=\"widget\" data-widget_type=\"text-editor.default\">\n\t\t\t\t<div class=\"elementor-widget-container\">\n\t\t\t\t\t\t\t\t\t<p>Second, Third, and Fourth Grade of Basic Education<\/p>\t\t\t\t\t\t\t\t<\/div>\n\t\t\t\t<\/div>\n\t\t\t\t<div class=\"elementor-element elementor-element-4beacca elementor-widget-mobile__width-initial elementor-widget elementor-widget-text-editor\" data-id=\"4beacca\" data-element_type=\"widget\" data-e-type=\"widget\" data-widget_type=\"text-editor.default\">\n\t\t\t\t<div class=\"elementor-widget-container\">\n\t\t\t\t\t\t\t\t\t<p>At the Elementary Basic level, we strengthen fundamental skills in reading, writing, and mathematics in an interactive and engaging way. Children learn to express themselves, explore their environment, and develop study habits.<b> In this way, we build solid foundations, fostering autonomy and a love for learning.<\/b><\/p>\t\t\t\t\t\t\t\t<\/div>\n\t\t\t\t<\/div>\n\t\t\t\t<\/div>\n\t\t<div class=\"elementor-element elementor-element-1064547 e-con-full e-flex e-con e-parent\" data-id=\"1064547\" data-element_type=\"container\" data-e-type=\"container\" data-settings=\"{&quot;_ha_eqh_enable&quot;:false}\">\n\t\t\t\t<div class=\"elementor-element elementor-element-202c84b elementor-widget elementor-widget-text-editor\" data-id=\"202c84b\" data-element_type=\"widget\" data-e-type=\"widget\" data-widget_type=\"text-editor.default\">\n\t\t\t\t<div class=\"elementor-widget-container\">\n\t\t\t\t\t\t\t\t\t<p>Projects Developed in Elementary Basic Education<\/p>\t\t\t\t\t\t\t\t<\/div>\n\t\t\t\t<\/div>\n\t\t\t\t<\/div>\n\t\t<div class=\"elementor-element elementor-element-65a5165 e-con-full e-flex e-con e-parent\" data-id=\"65a5165\" data-element_type=\"container\" data-e-type=\"container\" data-settings=\"{&quot;_ha_eqh_enable&quot;:false}\">\n\t\t<div class=\"elementor-element elementor-element-2ad9e66 e-con-full e-flex e-con e-child\" data-id=\"2ad9e66\" data-element_type=\"container\" data-e-type=\"container\" data-settings=\"{&quot;_ha_eqh_enable&quot;:false}\">\n\t\t\t\t<div class=\"elementor-element elementor-element-1c5bdd1 elementor-align-center elementor-widget__width-inherit elementor-widget elementor-widget-button\" data-id=\"1c5bdd1\" data-element_type=\"widget\" data-e-type=\"widget\" data-widget_type=\"button.default\">\n\t\t\t\t<div class=\"elementor-widget-container\">\n\t\t\t\t\t\t\t\t\t<div class=\"elementor-button-wrapper\">\n\t\t\t\t\t<a class=\"elementor-button elementor-size-sm\" role=\"button\">\n\t\t\t\t\t\t<span class=\"elementor-button-content-wrapper\">\n\t\t\t\t\t\t\t\t\t<span class=\"elementor-button-text\">Artistic Project<\/span>\n\t\t\t\t\t<\/span>\n\t\t\t\t\t<\/a>\n\t\t\t\t<\/div>\n\t\t\t\t\t\t\t\t<\/div>\n\t\t\t\t<\/div>\n\t\t\t\t<\/div>\n\t\t<div class=\"elementor-element elementor-element-786d3a6 e-con-full e-flex e-con e-child\" data-id=\"786d3a6\" data-element_type=\"container\" data-e-type=\"container\" data-settings=\"{&quot;_ha_eqh_enable&quot;:false}\">\n\t\t\t\t<div class=\"elementor-element elementor-element-fe2a4d5 elementor-align-center elementor-widget__width-inherit elementor-widget elementor-widget-button\" data-id=\"fe2a4d5\" data-element_type=\"widget\" data-e-type=\"widget\" data-widget_type=\"button.default\">\n\t\t\t\t<div class=\"elementor-widget-container\">\n\t\t\t\t\t\t\t\t\t<div class=\"elementor-button-wrapper\">\n\t\t\t\t\t<a class=\"elementor-button elementor-size-sm\" role=\"button\">\n\t\t\t\t\t\t<span class=\"elementor-button-content-wrapper\">\n\t\t\t\t\t\t\t\t\t<span class=\"elementor-button-text\">Scientific Project<\/span>\n\t\t\t\t\t<\/span>\n\t\t\t\t\t<\/a>\n\t\t\t\t<\/div>\n\t\t\t\t\t\t\t\t<\/div>\n\t\t\t\t<\/div>\n\t\t\t\t<\/div>\n\t\t<div class=\"elementor-element elementor-element-a70f5de e-con-full e-flex e-con e-child\" data-id=\"a70f5de\" data-element_type=\"container\" data-e-type=\"container\" data-settings=\"{&quot;_ha_eqh_enable&quot;:false}\">\n\t\t\t\t<div class=\"elementor-element elementor-element-1856202 elementor-align-center elementor-widget__width-inherit elementor-widget elementor-widget-button\" data-id=\"1856202\" data-element_type=\"widget\" data-e-type=\"widget\" data-widget_type=\"button.default\">\n\t\t\t\t<div class=\"elementor-widget-container\">\n\t\t\t\t\t\t\t\t\t<div class=\"elementor-button-wrapper\">\n\t\t\t\t\t<a class=\"elementor-button elementor-size-sm\" role=\"button\">\n\t\t\t\t\t\t<span class=\"elementor-button-content-wrapper\">\n\t\t\t\t\t\t\t\t\t<span class=\"elementor-button-text\">Humanistic Project<\/span>\n\t\t\t\t\t<\/span>\n\t\t\t\t\t<\/a>\n\t\t\t\t<\/div>\n\t\t\t\t\t\t\t\t<\/div>\n\t\t\t\t<\/div>\n\t\t\t\t<\/div>\n\t\t\t\t<\/div>\n\t\t<div class=\"elementor-element elementor-element-db7a8f2 e-con-full e-flex e-con e-parent\" data-id=\"db7a8f2\" data-element_type=\"container\" data-e-type=\"container\" data-settings=\"{&quot;_ha_eqh_enable&quot;:false}\">\n\t\t<div class=\"elementor-element elementor-element-3c69890 e-con-full e-flex e-con e-child\" data-id=\"3c69890\" data-element_type=\"container\" data-e-type=\"container\" data-settings=\"{&quot;_ha_eqh_enable&quot;:false}\">\n\t\t\t\t<div class=\"elementor-element elementor-element-3421d9d elementor-align-center elementor-widget__width-inherit elementor-widget elementor-widget-button\" data-id=\"3421d9d\" data-element_type=\"widget\" data-e-type=\"widget\" data-widget_type=\"button.default\">\n\t\t\t\t<div class=\"elementor-widget-container\">\n\t\t\t\t\t\t\t\t\t<div class=\"elementor-button-wrapper\">\n\t\t\t\t\t<a class=\"elementor-button elementor-size-sm\" role=\"button\">\n\t\t\t\t\t\t<span class=\"elementor-button-content-wrapper\">\n\t\t\t\t\t\t\t\t\t<span class=\"elementor-button-text\">English Project<\/span>\n\t\t\t\t\t<\/span>\n\t\t\t\t\t<\/a>\n\t\t\t\t<\/div>\n\t\t\t\t\t\t\t\t<\/div>\n\t\t\t\t<\/div>\n\t\t\t\t<\/div>\n\t\t<div class=\"elementor-element elementor-element-187d422 e-con-full e-flex e-con e-child\" data-id=\"187d422\" data-element_type=\"container\" data-e-type=\"container\" data-settings=\"{&quot;_ha_eqh_enable&quot;:false}\">\n\t\t\t\t<div class=\"elementor-element elementor-element-bd2ecd2 elementor-align-center elementor-widget__width-inherit elementor-widget elementor-widget-button\" data-id=\"bd2ecd2\" data-element_type=\"widget\" data-e-type=\"widget\" data-widget_type=\"button.default\">\n\t\t\t\t<div class=\"elementor-widget-container\">\n\t\t\t\t\t\t\t\t\t<div class=\"elementor-button-wrapper\">\n\t\t\t\t\t<a class=\"elementor-button elementor-size-sm\" role=\"button\">\n\t\t\t\t\t\t<span class=\"elementor-button-content-wrapper\">\n\t\t\t\t\t\t\t\t\t<span class=\"elementor-button-text\">Music<\/span>\n\t\t\t\t\t<\/span>\n\t\t\t\t\t<\/a>\n\t\t\t\t<\/div>\n\t\t\t\t\t\t\t\t<\/div>\n\t\t\t\t<\/div>\n\t\t\t\t<\/div>\n\t\t<div class=\"elementor-element elementor-element-2301f30 e-con-full e-flex e-con e-child\" data-id=\"2301f30\" data-element_type=\"container\" data-e-type=\"container\" data-settings=\"{&quot;_ha_eqh_enable&quot;:false}\">\n\t\t\t\t<div class=\"elementor-element elementor-element-2dfa6d6 elementor-align-center elementor-widget__width-inherit elementor-widget elementor-widget-button\" data-id=\"2dfa6d6\" data-element_type=\"widget\" data-e-type=\"widget\" data-widget_type=\"button.default\">\n\t\t\t\t<div class=\"elementor-widget-container\">\n\t\t\t\t\t\t\t\t\t<div class=\"elementor-button-wrapper\">\n\t\t\t\t\t<a class=\"elementor-button elementor-size-sm\" role=\"button\">\n\t\t\t\t\t\t<span class=\"elementor-button-content-wrapper\">\n\t\t\t\t\t\t\t\t\t<span class=\"elementor-button-text\">Christian Formation<\/span>\n\t\t\t\t\t<\/span>\n\t\t\t\t\t<\/a>\n\t\t\t\t<\/div>\n\t\t\t\t\t\t\t\t<\/div>\n\t\t\t\t<\/div>\n\t\t\t\t<\/div>\n\t\t\t\t<\/div>\n\t\t<div class=\"elementor-element elementor-element-e71d610 e-con-full e-flex e-con e-parent\" data-id=\"e71d610\" data-element_type=\"container\" data-e-type=\"container\" data-settings=\"{&quot;_ha_eqh_enable&quot;:false}\">\n\t\t\t\t<div class=\"elementor-element elementor-element-1e9c47e elementor-widget elementor-widget-text-editor\" data-id=\"1e9c47e\" data-element_type=\"widget\" data-e-type=\"widget\" data-widget_type=\"text-editor.default\">\n\t\t\t\t<div class=\"elementor-widget-container\">\n\t\t\t\t\t\t\t\t\t<p><b>Platforms:\u00a0 <\/b>Share it (Ingl\u00e9s), Runachay, Google Sites<\/p>\t\t\t\t\t\t\t\t<\/div>\n\t\t\t\t<\/div>\n\t\t\t\t<\/div>\n\t\t<div class=\"elementor-element elementor-element-d797cf3 e-con-full e-flex e-con e-parent\" data-id=\"d797cf3\" data-element_type=\"container\" data-e-type=\"container\" data-settings=\"{&quot;_ha_eqh_enable&quot;:false}\">\n\t\t<div class=\"elementor-element elementor-element-902864b e-con-full e-flex e-con e-child\" data-id=\"902864b\" data-element_type=\"container\" data-e-type=\"container\" data-settings=\"{&quot;_ha_eqh_enable&quot;:false}\">\n\t\t\t\t<div data-ha-element-link=\"{&quot;url&quot;:&quot;https:\\\/\\\/www.macmillanenglish.com\\\/ec\\\/catalogue\\\/courses\\\/young-learners\\\/share-it\\\/course-information&quot;,&quot;is_external&quot;:&quot;on&quot;,&quot;nofollow&quot;:&quot;&quot;}\" style=\"cursor: pointer\" class=\"elementor-element elementor-element-a72ec7c elementor-widget elementor-widget-image\" data-id=\"a72ec7c\" data-element_type=\"widget\" data-e-type=\"widget\" data-widget_type=\"image.default\">\n\t\t\t\t<div class=\"elementor-widget-container\">\n\t\t\t\t\t\t\t\t\t\t\t\t\t\t\t<img decoding=\"async\" width=\"325\" height=\"113\" src=\"https:\/\/prueba.csgabriel.edu.ec\/wp-content\/uploads\/2026\/01\/plat_shareit.jpg\" class=\"attachment-large size-large wp-image-39758\" alt=\"\" srcset=\"https:\/\/prueba.csgabriel.edu.ec\/wp-content\/uploads\/2026\/01\/plat_shareit.jpg 325w, https:\/\/prueba.csgabriel.edu.ec\/wp-content\/uploads\/2026\/01\/plat_shareit-300x104.jpg 300w\" sizes=\"(max-width: 325px) 100vw, 325px\" \/>\t\t\t\t\t\t\t\t\t\t\t\t\t\t\t<\/div>\n\t\t\t\t<\/div>\n\t\t\t\t<\/div>\n\t\t<div class=\"elementor-element elementor-element-7216ba9 e-con-full e-flex e-con e-child\" data-id=\"7216ba9\" data-element_type=\"container\" data-e-type=\"container\" data-settings=\"{&quot;_ha_eqh_enable&quot;:false}\">\n\t\t\t\t<div data-ha-element-link=\"{&quot;url&quot;:&quot;https:\\\/\\\/uepsangabriel.runacode.com\\\/public\\\/login&quot;,&quot;is_external&quot;:&quot;on&quot;,&quot;nofollow&quot;:&quot;&quot;}\" style=\"cursor: pointer\" class=\"elementor-element elementor-element-1414370 elementor-widget elementor-widget-image\" data-id=\"1414370\" data-element_type=\"widget\" data-e-type=\"widget\" data-widget_type=\"image.default\">\n\t\t\t\t<div class=\"elementor-widget-container\">\n\t\t\t\t\t\t\t\t\t\t\t\t\t\t\t<img decoding=\"async\" width=\"325\" height=\"113\" src=\"https:\/\/prueba.csgabriel.edu.ec\/wp-content\/uploads\/2026\/01\/runachay.jpg\" class=\"attachment-large size-large wp-image-39754\" alt=\"\" srcset=\"https:\/\/prueba.csgabriel.edu.ec\/wp-content\/uploads\/2026\/01\/runachay.jpg 325w, https:\/\/prueba.csgabriel.edu.ec\/wp-content\/uploads\/2026\/01\/runachay-300x104.jpg 300w\" sizes=\"(max-width: 325px) 100vw, 325px\" \/>\t\t\t\t\t\t\t\t\t\t\t\t\t\t\t<\/div>\n\t\t\t\t<\/div>\n\t\t\t\t<\/div>\n\t\t<div class=\"elementor-element elementor-element-fb2f8ab e-con-full e-flex e-con e-child\" data-id=\"fb2f8ab\" data-element_type=\"container\" data-e-type=\"container\" data-settings=\"{&quot;_ha_eqh_enable&quot;:false}\">\n\t\t\t\t<div data-ha-element-link=\"{&quot;url&quot;:&quot;https:\\\/\\\/sites.google.com\\\/csgabriel.edu.ec\\\/eva-institucional-2025-2026\\\/inicio&quot;,&quot;is_external&quot;:&quot;on&quot;,&quot;nofollow&quot;:&quot;&quot;}\" style=\"cursor: pointer\" class=\"elementor-element elementor-element-a163901 elementor-widget elementor-widget-image\" data-id=\"a163901\" data-element_type=\"widget\" data-e-type=\"widget\" data-widget_type=\"image.default\">\n\t\t\t\t<div class=\"elementor-widget-container\">\n\t\t\t\t\t\t\t\t\t\t\t\t\t\t\t<img decoding=\"async\" width=\"325\" height=\"113\" src=\"https:\/\/prueba.csgabriel.edu.ec\/wp-content\/uploads\/2026\/02\/gsites-2.jpg\" class=\"attachment-large size-large wp-image-47518\" alt=\"\" srcset=\"https:\/\/prueba.csgabriel.edu.ec\/wp-content\/uploads\/2026\/02\/gsites-2.jpg 325w, https:\/\/prueba.csgabriel.edu.ec\/wp-content\/uploads\/2026\/02\/gsites-2-300x104.jpg 300w\" sizes=\"(max-width: 325px) 100vw, 325px\" \/>\t\t\t\t\t\t\t\t\t\t\t\t\t\t\t<\/div>\n\t\t\t\t<\/div>\n\t\t\t\t<\/div>\n\t\t\t\t<\/div>\n\t\t<div class=\"elementor-element elementor-element-25fb515 e-con-full e-flex e-con e-parent\" data-id=\"25fb515\" data-element_type=\"container\" data-e-type=\"container\" data-settings=\"{&quot;_ha_eqh_enable&quot;:false}\">\n\t\t<div class=\"elementor-element elementor-element-b0cacb7 e-con-full e-flex e-con e-child\" data-id=\"b0cacb7\" data-element_type=\"container\" data-e-type=\"container\" data-settings=\"{&quot;background_background&quot;:&quot;classic&quot;,&quot;shape_divider_bottom&quot;:&quot;waves&quot;,&quot;_ha_eqh_enable&quot;:false}\">\n\t\t\t\t<div class=\"elementor-shape elementor-shape-bottom\" aria-hidden=\"true\" data-negative=\"false\">\n\t\t\t<svg xmlns=\"http:\/\/www.w3.org\/2000\/svg\" viewbox=\"0 0 1000 100\" preserveaspectratio=\"none\">\n\t<path class=\"elementor-shape-fill\" d=\"M421.9,6.5c22.6-2.5,51.5,0.4,75.5,5.3c23.6,4.9,70.9,23.5,100.5,35.7c75.8,32.2,133.7,44.5,192.6,49.7\tc23.6,2.1,48.7,3.5,103.4-2.5c54.7-6,106.2-25.6,106.2-25.6V0H0v30.3c0,0,72,32.6,158.4,30.5c39.2-0.7,92.8-6.7,134-22.4\tc21.2-8.1,52.2-18.2,79.7-24.2C399.3,7.9,411.6,7.5,421.9,6.5z\"\/>\n<\/svg>\t\t<\/div>\n\t\t\t\t<div class=\"elementor-element elementor-element-b557560 elementor-widget elementor-widget-image\" data-id=\"b557560\" data-element_type=\"widget\" data-e-type=\"widget\" data-widget_type=\"image.default\">\n\t\t\t\t<div class=\"elementor-widget-container\">\n\t\t\t\t\t\t\t\t\t\t\t\t\t\t\t<img loading=\"lazy\" decoding=\"async\" width=\"1280\" height=\"582\" src=\"https:\/\/prueba.csgabriel.edu.ec\/wp-content\/uploads\/2026\/01\/peque.jpg\" class=\"attachment-full size-full wp-image-46435\" alt=\"\" srcset=\"https:\/\/prueba.csgabriel.edu.ec\/wp-content\/uploads\/2026\/01\/peque.jpg 1280w, https:\/\/prueba.csgabriel.edu.ec\/wp-content\/uploads\/2026\/01\/peque-300x136.jpg 300w, https:\/\/prueba.csgabriel.edu.ec\/wp-content\/uploads\/2026\/01\/peque-1024x466.jpg 1024w, https:\/\/prueba.csgabriel.edu.ec\/wp-content\/uploads\/2026\/01\/peque-768x349.jpg 768w\" sizes=\"(max-width: 1280px) 100vw, 1280px\" \/>\t\t\t\t\t\t\t\t\t\t\t\t\t\t\t<\/div>\n\t\t\t\t<\/div>\n\t\t\t\t<\/div>\n\t\t\t\t<\/div>\n\t\t<div class=\"elementor-element elementor-element-d5032e3 e-con-full e-flex e-con e-parent\" data-id=\"d5032e3\" data-element_type=\"container\" data-e-type=\"container\" data-settings=\"{&quot;_ha_eqh_enable&quot;:false}\">\n\t\t<div class=\"elementor-element elementor-element-fb2b762 e-con-full e-flex e-con e-child\" data-id=\"fb2b762\" data-element_type=\"container\" data-e-type=\"container\" data-settings=\"{&quot;background_background&quot;:&quot;classic&quot;,&quot;_ha_eqh_enable&quot;:false}\">\n\t\t<div class=\"elementor-element elementor-element-6036e97 e-con-full e-grid e-con e-child\" data-id=\"6036e97\" data-element_type=\"container\" data-e-type=\"container\" data-settings=\"{&quot;_ha_eqh_enable&quot;:false}\">\n\t\t\t\t<\/div>\n\t\t\t\t<div class=\"elementor-element elementor-element-b3fb4b9 elementor-widget__width-initial elementor-widget elementor-widget-text-editor\" data-id=\"b3fb4b9\" data-element_type=\"widget\" data-e-type=\"widget\" data-widget_type=\"text-editor.default\">\n\t\t\t\t<div class=\"elementor-widget-container\">\n\t\t\t\t\t\t\t\t\t<p style=\"text-align: left;\"><b>Methodology:<\/b> Autonomy, Teamwork, Logical Thinking, Discovery-Based Learning.<\/p>\t\t\t\t\t\t\t\t<\/div>\n\t\t\t\t<\/div>\n\t\t\t\t<div class=\"elementor-element elementor-element-c7c3337 elementor-widget elementor-widget-spacer\" data-id=\"c7c3337\" data-element_type=\"widget\" data-e-type=\"widget\" data-widget_type=\"spacer.default\">\n\t\t\t\t<div class=\"elementor-widget-container\">\n\t\t\t\t\t\t\t<div class=\"elementor-spacer\">\n\t\t\t<div class=\"elementor-spacer-inner\"><\/div>\n\t\t<\/div>\n\t\t\t\t\t\t<\/div>\n\t\t\t\t<\/div>\n\t\t\t\t<\/div>\n\t\t\t\t<\/div>\n\t\t<div class=\"elementor-element elementor-element-5cfa9eb e-con-full e-flex e-con e-parent\" data-id=\"5cfa9eb\" data-element_type=\"container\" data-e-type=\"container\" data-settings=\"{&quot;_ha_eqh_enable&quot;:false}\">\n\t\t<div class=\"elementor-element elementor-element-a749250 e-con-full e-flex e-con e-child\" data-id=\"a749250\" data-element_type=\"container\" data-e-type=\"container\" data-settings=\"{&quot;_ha_eqh_enable&quot;:false}\">\n\t\t\t\t<div class=\"elementor-element elementor-element-a88f550 elementor-widget elementor-widget-heading\" data-id=\"a88f550\" data-element_type=\"widget\" data-e-type=\"widget\" data-widget_type=\"heading.default\">\n\t\t\t\t<div class=\"elementor-widget-container\">\n\t\t\t\t\t<h2 class=\"elementor-heading-title elementor-size-default\">Extracurricular programs are available starting in Third Grade of Basic Education.<\/h2>\t\t\t\t<\/div>\n\t\t\t\t<\/div>\n\t\t\t\t<div class=\"elementor-element elementor-element-2dbf199 elementor-align-center elementor-widget__width-inherit elementor-widget elementor-widget-button\" data-id=\"2dbf199\" data-element_type=\"widget\" data-e-type=\"widget\" data-widget_type=\"button.default\">\n\t\t\t\t<div class=\"elementor-widget-container\">\n\t\t\t\t\t\t\t\t\t<div class=\"elementor-button-wrapper\">\n\t\t\t\t\t<a class=\"elementor-button elementor-button-link elementor-size-sm\" href=\"https:\/\/prueba.csgabriel.edu.ec\/en\/extracurriculares\/\">\n\t\t\t\t\t\t<span class=\"elementor-button-content-wrapper\">\n\t\t\t\t\t\t\t\t\t<span class=\"elementor-button-text\">Go to Extracurricular Activities<\/span>\n\t\t\t\t\t<\/span>\n\t\t\t\t\t<\/a>\n\t\t\t\t<\/div>\n\t\t\t\t\t\t\t\t<\/div>\n\t\t\t\t<\/div>\n\t\t\t\t<\/div>\n\t\t\t\t<\/div>\n\t\t\t\t<\/div>","protected":false},"excerpt":{"rendered":"<p>Inicio B\u00e1sica Elemental Segundo, Tercero y Cuarto de B\u00e1sica En el nivel de B\u00e1sica Elemental fortalecemos la habilidad fundamental en lectura, escritura y matem\u00e1tica de manera interactiva y divertida. Los ni\u00f1os aprenden a expresarse, explorar su entorno y desarrollar h\u00e1bitos de estudio. As\u00ed sembramos bases s\u00f3lidas, fomentando su autonom\u00eda y el gusto por el aprendizaje. [&hellip;]<\/p>\n","protected":false},"author":12,"featured_media":0,"parent":0,"menu_order":0,"comment_status":"closed","ping_status":"closed","template":"","meta":{"footnotes":""},"class_list":["post-37096","page","type-page","status-publish","hentry"],"_links":{"self":[{"href":"https:\/\/prueba.csgabriel.edu.ec\/en\/wp-json\/wp\/v2\/pages\/37096","targetHints":{"allow":["GET"]}}],"collection":[{"href":"https:\/\/prueba.csgabriel.edu.ec\/en\/wp-json\/wp\/v2\/pages"}],"about":[{"href":"https:\/\/prueba.csgabriel.edu.ec\/en\/wp-json\/wp\/v2\/types\/page"}],"author":[{"embeddable":true,"href":"https:\/\/prueba.csgabriel.edu.ec\/en\/wp-json\/wp\/v2\/users\/12"}],"replies":[{"embeddable":true,"href":"https:\/\/prueba.csgabriel.edu.ec\/en\/wp-json\/wp\/v2\/comments?post=37096"}],"version-history":[{"count":261,"href":"https:\/\/prueba.csgabriel.edu.ec\/en\/wp-json\/wp\/v2\/pages\/37096\/revisions"}],"predecessor-version":[{"id":48825,"href":"https:\/\/prueba.csgabriel.edu.ec\/en\/wp-json\/wp\/v2\/pages\/37096\/revisions\/48825"}],"wp:attachment":[{"href":"https:\/\/prueba.csgabriel.edu.ec\/en\/wp-json\/wp\/v2\/media?parent=37096"}],"curies":[{"name":"wp","href":"https:\/\/api.w.org\/{rel}","templated":true}]}}